{"id":682,"date":"2025-04-17T21:29:33","date_gmt":"2025-04-17T19:29:33","guid":{"rendered":"https:\/\/www.myfengshuihealing.com\/?page_id=682"},"modified":"2025-08-13T21:32:28","modified_gmt":"2025-08-13T19:32:28","slug":"elementor-682","status":"publish","type":"page","link":"https:\/\/www.myfengshuihealing.com\/index.php\/elementor-682\/","title":{"rendered":"TARIFS &amp; PRESTATIONS"},"content":{"rendered":"\t\t<div data-elementor-type=\"wp-post\" data-elementor-id=\"682\" class=\"elementor elementor-682\">\n\t\t\t\t<div class=\"elementor-element elementor-element-d1ad903 e-con-full e-flex e-con e-parent\" data-id=\"d1ad903\" data-element_type=\"container\" data-e-type=\"container\">\n\t\t\t\t<div class=\"elementor-element elementor-element-f4534ce elementor-widget elementor-widget-text-editor\" data-id=\"f4534ce\" data-element_type=\"widget\" data-e-type=\"widget\" data-widget_type=\"text-editor.default\">\n\t\t\t\t<div class=\"elementor-widget-container\">\n\t\t\t\t\t\t\t\t\t<p><strong>Vous trouverez ci-apr\u00e8s la liste des prestations que je propose ainsi que les tarifs appliqu\u00e9s.<\/strong><\/p><p><strong>Au vu du caract\u00e8re personnalis\u00e9 de mes services en accompagnements individuel ( lib\u00e9ration \u00e9motionnelle, coaching de vie) et des soins \u00e9nerg\u00e9tiques personnalis\u00e9s, merci de m&rsquo;adresser votre demande \u00e0 partir <br \/>du formulaire de Contact.<\/strong><\/p>\t\t\t\t\t\t\t\t<\/div>\n\t\t\t\t<\/div>\n\t\t\t\t<\/div>\n\t\t<div class=\"elementor-element elementor-element-2d5e30f e-grid e-con-full e-con e-parent\" data-id=\"2d5e30f\" data-element_type=\"container\" data-e-type=\"container\">\n\t\t\t\t<div class=\"elementor-element elementor-element-30e0a1a elementor-widget elementor-widget-text-editor\" data-id=\"30e0a1a\" data-element_type=\"widget\" data-e-type=\"widget\" data-widget_type=\"text-editor.default\">\n\t\t\t\t<div class=\"elementor-widget-container\">\n\t\t\t\t\t\t\t\t\t<p><strong>SOINS ENERGETIQUES<\/strong><\/p><p><strong>Soin tournant<\/strong> :<\/p><p>Dur\u00e9e : de 45 min \u00e0 1h<br \/>Tarif : 70\u20ac<\/p><p><strong>Soin magn\u00e9tisme cr\u00e2nien<\/strong><\/p><p>Dur\u00e9e : de 30 \u00e0 45 min<br \/>Tarif : 70\u20ac<\/p><p><strong>Soin \u00ab\u00a0purge des organes vitaux\u00a0\u00bb<\/strong><\/p><p>Dur\u00e9e : de 30 \u00e0 45 min<br \/>Tarif : 70\u20ac<\/p><p><em><strong>Avant chaque soin, nous proc\u00e9dons \u00e0 un \u00e9change t\u00e9l\u00e9phonique.<\/strong><\/em><\/p><p>\u00a0<\/p><p><strong>Le soin \u00e9nerg\u00e9tique est\u00a0 une pratique de bien-\u00eatre compl\u00e9mentaire aux soins conventionnels et ne peut en aucun cas se substituer \u00e0 un diagnostic, un traitement ou un suivi m\u00e9dical prescrit par un professionnel de sant\u00e9.<\/strong><\/p>\t\t\t\t\t\t\t\t<\/div>\n\t\t\t\t<\/div>\n\t\t<div class=\"elementor-element elementor-element-81fa342 e-con-full e-flex e-con e-child\" data-id=\"81fa342\" data-element_type=\"container\" data-e-type=\"container\">\n\t\t\t\t<div class=\"elementor-element elementor-element-ca74273 elementor-widget elementor-widget-image\" data-id=\"ca74273\" data-element_type=\"widget\" data-e-type=\"widget\" data-widget_type=\"image.default\">\n\t\t\t\t<div class=\"elementor-widget-container\">\n\t\t\t\t\t\t\t\t\t\t\t\t\t\t\t<img fetchpriority=\"high\" decoding=\"async\" width=\"650\" height=\"496\" src=\"https:\/\/www.myfengshuihealing.com\/wp-content\/uploads\/2025\/02\/mains-guerisseuses.jpg\" class=\"attachment-1536x1536 size-1536x1536 wp-image-624\" alt=\"\" srcset=\"https:\/\/www.myfengshuihealing.com\/wp-content\/uploads\/2025\/02\/mains-guerisseuses.jpg 650w, https:\/\/www.myfengshuihealing.com\/wp-content\/uploads\/2025\/02\/mains-guerisseuses-300x229.jpg 300w\" sizes=\"(max-width: 650px) 100vw, 650px\" \/>\t\t\t\t\t\t\t\t\t\t\t\t\t\t\t<\/div>\n\t\t\t\t<\/div>\n\t\t\t\t<div class=\"elementor-element elementor-element-24e5fa9 elementor-widget elementor-widget-text-editor\" data-id=\"24e5fa9\" data-element_type=\"widget\" data-e-type=\"widget\" data-widget_type=\"text-editor.default\">\n\t\t\t\t<div class=\"elementor-widget-container\">\n\t\t\t\t\t\t\t\t\t<p>\u00a0<\/p><div>\u00a0<\/div>\t\t\t\t\t\t\t\t<\/div>\n\t\t\t\t<\/div>\n\t\t\t\t<\/div>\n\t\t\t\t<div class=\"elementor-element elementor-element-9082718 elementor-widget elementor-widget-text-editor\" data-id=\"9082718\" data-element_type=\"widget\" data-e-type=\"widget\" data-widget_type=\"text-editor.default\">\n\t\t\t\t<div class=\"elementor-widget-container\">\n\t\t\t\t\t\t\t\t\t<p><strong>GEOBIOLOGIE : NETTOYAGE &amp; HARMONISATION DES LIEUX<\/strong> :<\/p><p>Il s&rsquo;agit d&rsquo;un nettoyage et harmonisation \u00e9nerg\u00e9tique de votre lieu de vie.<\/p><p>M\u00e9moires des murs, des sols, objets charg\u00e9s, ondes de forme, lib\u00e9ration entit\u00e9s&#8230; Harmonisation de la circulation de l&rsquo;\u00e9nergie vitale dans le lieu. Un CR est envoy\u00e9 \u00e0 l&rsquo;issue du nettoyage.<\/p><p><strong>4 FORMULES AU CHOIX<\/strong> :\u00a0<\/p><p><strong>1) Diagnostic g\u00e9obiologie naturelle du lieu : Tarif forfaitaire de 89\u20ac<br \/><\/strong>(failles, veines d\u2019eau, nappes d\u2019eau, chemin\u00e9e cosmo-telluriques, vortex\u2026) \u2013<\/p>\t\t\t\t\t\t\t\t<\/div>\n\t\t\t\t<\/div>\n\t\t\t\t<div class=\"elementor-element elementor-element-e00874d elementor-widget elementor-widget-text-editor\" data-id=\"e00874d\" data-element_type=\"widget\" data-e-type=\"widget\" data-widget_type=\"text-editor.default\">\n\t\t\t\t<div class=\"elementor-widget-container\">\n\t\t\t\t\t\t\t\t\t<p><strong>\u00a02)<\/strong> <strong>Diagnostic g\u00e9obiologie vibratoire : Tarif forfaitaire de 89\u20ac<br \/><\/strong>(m\u00e9moires des murs, des sols, objets charg\u00e9s,ondes de formes\u2026).\u00a0<\/p><p><strong>3) Diagnostic g\u00e9obiologique \u00e9lectromagn\u00e9tique<\/strong> : <strong>Tarif forfaitaire de 89\u20ac<\/strong> <br \/>(R\u00e9seaux telluriques, Ondes de basses et Hautes fr\u00e9quences, appareils \u00e9lectriques\u2026).<\/p><p><strong>Nettoyage \u00e9nerg\u00e9tique du lieu : Tarif forfaitaire de 169\u20ac<\/strong><\/p><p>Cette prestation comprend <strong>le diagnostic g\u00e9obiologique<\/strong> de votre choix (g\u00e9obiologie naturelle, vibratoire ou \u00e9lectromagn\u00e9tique) <strong>suivi des actions de correction des ph\u00e9nom\u00e8nes identifi\u00e9s.<\/strong><\/p>\t\t\t\t\t\t\t\t<\/div>\n\t\t\t\t<\/div>\n\t\t\t\t<div class=\"elementor-element elementor-element-a93d4ea elementor-widget elementor-widget-text-editor\" data-id=\"a93d4ea\" data-element_type=\"widget\" data-e-type=\"widget\" data-widget_type=\"text-editor.default\">\n\t\t\t\t<div class=\"elementor-widget-container\">\n\t\t\t\t\t\t\t\t\t<p><strong>4) MA GEOBIOLOGIE + : Une formule compl\u00e8te de nettoyage et d\u2019harmonisation du lieu de vie\/d\u2019habitation jusqu\u2019\u00e0 100m2. <\/strong><\/p><p>Au-del\u00e0 de cette superficie, me contacter pour devis personnalis\u00e9 en remplissant le formulaire de contact.<\/p><p><strong>Cette formule compl\u00e8te comprend<\/strong> :<\/p><ul><li>Un entretien t\u00e9l\u00e9phonique de 30 \u00e0 45 minutes<\/li><li>Un diagnostic g\u00e9obiologique de\u00a0 votre habitation (g\u00e9obiologie naturelle, vibratoire et \u00e9lectromagn\u00e9tique).<\/li><li>La neutralisation des \u00e9nergies \u00e0 impact n\u00e9gatif pour l\u2019ensemble des habitants &amp; le nettoyage \u00e9nerg\u00e9tique des lieux<\/li><li>Un compte-rendu des ph\u00e9nom\u00e8nes identifi\u00e9s et corrig\u00e9s<\/li><li>Des conseils pour maintenir la bonne circulation des \u00e9nergies favorables.<\/li><\/ul><p><strong>Tarif forfaitaire de : 349\u20ac<\/strong><\/p><p>\u00a0<\/p><p><strong>La g\u00e9obiologie est\u00a0 une pratique de bien-\u00eatre compl\u00e9mentaire aux soins conventionnels et ne peut en aucun cas se substituer \u00e0 un diagnostic, un traitement ou un suivi m\u00e9dical prescrit par un professionnel de sant\u00e9.<\/strong><\/p>\t\t\t\t\t\t\t\t<\/div>\n\t\t\t\t<\/div>\n\t\t\t\t<div class=\"elementor-element elementor-element-28bda7f elementor-widget elementor-widget-text-editor\" data-id=\"28bda7f\" data-element_type=\"widget\" data-e-type=\"widget\" data-widget_type=\"text-editor.default\">\n\t\t\t\t<div class=\"elementor-widget-container\">\n\t\t\t\t\t\t\t\t\t<p>\u00a0<strong>FENG SHUI DE L&rsquo;HABITAT<\/strong><\/p><p><strong><em>\u00ab\u202fHarmonie de l\u2019Habitat Feng Shui\u202f\u00bb<\/em><\/strong><\/p><p><strong>Une approche holistique pour \u00e9veiller le potentiel \u00e9nerg\u00e9tique de votre lieu de vie.<\/strong><\/p><p>Cet accompagnement comprend :<\/p><p><strong>Le diagnostic \u00e9nerg\u00e9tique complet du lieu :<\/strong> analyse des flux, des zones de d\u00e9s\u00e9quilibre, et des facteurs environnementaux (entr\u00e9es, formes, couleurs, mat\u00e9riaux, etc.).<\/p><p><strong>La pose du Bagua personnalis\u00e9e :<\/strong> installation pr\u00e9cise de la carte \u00e9nerg\u00e9tique du lieu selon les secteurs \u00e0 activer.<\/p><p><strong>Harmonisation des espaces : recommandations, ajustements et correctifs favorisant la circulation du Chi<\/strong> (\u00e9l\u00e9ments d\u00e9coratifs, symboles, mobilier, couleurs, \u00e9l\u00e9ments, plantes&#8230;)\u00a0<\/p><p><strong>Conseils pratiques pour entretenir les bienfaits dans le temps<\/strong> Guide personnalis\u00e9 et protocoles de maintien \u00e9nerg\u00e9tique : nettoyage symbolique, usage d\u2019\u00e9l\u00e9ments d\u2019\u00e9quilibre.<\/p><p>TARIFS : Me consulter (\u00e0 partir de 150\u20ac &#8211; Plusieurs formules possibles)<\/p>\t\t\t\t\t\t\t\t<\/div>\n\t\t\t\t<\/div>\n\t\t\t\t<div class=\"elementor-element elementor-element-4ee2360 elementor-widget elementor-widget-text-editor\" data-id=\"4ee2360\" data-element_type=\"widget\" data-e-type=\"widget\" data-widget_type=\"text-editor.default\">\n\t\t\t\t<div class=\"elementor-widget-container\">\n\t\t\t\t\t\t\t\t\t<p><strong>NETTOYAGE ENERGETIQUE DES PERSONNES :<\/strong><\/p><p>Actions sur le corps physique et les corps \u00e9nerg\u00e9tiques.<\/p><p><strong>SOINS HARMONISATION DES CHAKRAS :<\/strong><\/p><p><em><strong>Me consulter via la page Contact.<\/strong><\/em><\/p><p><img decoding=\"async\" class=\"aligncenter size-medium wp-image-77\" src=\"https:\/\/www.myfengshuihealing.com\/wp-content\/uploads\/2025\/02\/depositphotos_161640152-stock-photo-working-with-the-seven-major-300x256.webp\" alt=\"\" width=\"300\" height=\"256\" srcset=\"https:\/\/www.myfengshuihealing.com\/wp-content\/uploads\/2025\/02\/depositphotos_161640152-stock-photo-working-with-the-seven-major-300x256.webp 300w, https:\/\/www.myfengshuihealing.com\/wp-content\/uploads\/2025\/02\/depositphotos_161640152-stock-photo-working-with-the-seven-major.webp 600w\" sizes=\"(max-width: 300px) 100vw, 300px\" \/><\/p><p>\u00a0<\/p><p><strong>Le soin \u00e9nerg\u00e9tique est\u00a0 une pratique de bien-\u00eatre compl\u00e9mentaire aux soins conventionnels et ne peut en aucun cas se substituer \u00e0 un diagnostic, un traitement ou un suivi m\u00e9dical prescrit par un professionnel de sant\u00e9.<\/strong><\/p>\t\t\t\t\t\t\t\t<\/div>\n\t\t\t\t<\/div>\n\t\t\t\t<div class=\"elementor-element elementor-element-f52a9b7 elementor-widget elementor-widget-text-editor\" data-id=\"f52a9b7\" data-element_type=\"widget\" data-e-type=\"widget\" data-widget_type=\"text-editor.default\">\n\t\t\t\t<div class=\"elementor-widget-container\">\n\t\t\t\t\t\t\t\t\t<p><strong><strong>ACCOMPAGNEMENTS INDIVIDUELS :<\/strong><\/strong><\/p><ul><li><strong><strong><strong><strong><strong><strong><strong>LIB\u00c9RATION <\/strong>ENERGETIQUE ET EMOTIONNELLE <em>\u00ab\u00a0Accompagnement RenaisSens\u00a0\u00bb<br \/><br \/><\/em><\/strong><\/strong><\/strong><\/strong><\/strong><\/strong><\/li><\/ul><ul><li><strong><strong><strong><strong><strong><strong><strong>ACCOMPAGNEMENT LIBERATION DES MEMOIRES<br \/><br \/><\/strong><\/strong><\/strong><\/strong><\/strong><\/strong><\/strong><\/li><li><strong>COACHING DE VIE<\/strong><\/li><\/ul><p><strong><em>Pour ces prestations, <br \/>me contacter via la<br \/>page Contact.<\/em><\/strong><\/p>\t\t\t\t\t\t\t\t<\/div>\n\t\t\t\t<\/div>\n\t\t\t\t<\/div>\n\t\t<div class=\"elementor-element elementor-element-175a947 e-flex e-con-boxed e-con e-parent\" data-id=\"175a947\" data-element_type=\"container\" data-e-type=\"container\">\n\t\t\t\t\t<div class=\"e-con-inner\">\n\t\t\t\t<div class=\"elementor-element elementor-element-0c12bee elementor-widget elementor-widget-text-editor\" data-id=\"0c12bee\" data-element_type=\"widget\" data-e-type=\"widget\" data-widget_type=\"text-editor.default\">\n\t\t\t\t<div class=\"elementor-widget-container\">\n\t\t\t\t\t\t\t\t\t<p><strong>Pour toutes demande de renseignements, questions, demande de devis personnalis\u00e9, merci de me contacter via la page Contact.<\/strong><\/p>\t\t\t\t\t\t\t\t<\/div>\n\t\t\t\t<\/div>\n\t\t\t\t\t<\/div>\n\t\t\t\t<\/div>\n\t\t<div class=\"elementor-element elementor-element-347ba3b e-flex e-con-boxed e-con e-parent\" data-id=\"347ba3b\" data-element_type=\"container\" data-e-type=\"container\">\n\t\t\t\t\t<div class=\"e-con-inner\">\n\t\t\t\t<div class=\"elementor-element elementor-element-b5f0792 elementor-align-center elementor-widget elementor-widget-button\" data-id=\"b5f0792\" data-element_type=\"widget\" data-e-type=\"widget\" data-widget_type=\"button.default\">\n\t\t\t\t<div class=\"elementor-widget-container\">\n\t\t\t\t\t\t\t\t\t<div class=\"elementor-button-wrapper\">\n\t\t\t\t\t<a class=\"elementor-button elementor-button-link elementor-size-sm\" href=\"https:\/\/www.myfengshuihealing.com\/index.php\/rdv-et-contact\/\">\n\t\t\t\t\t\t<span class=\"elementor-button-content-wrapper\">\n\t\t\t\t\t\t\t\t\t<span class=\"elementor-button-text\">ME CONTACTER<\/span>\n\t\t\t\t\t<\/span>\n\t\t\t\t\t<\/a>\n\t\t\t\t<\/div>\n\t\t\t\t\t\t\t\t<\/div>\n\t\t\t\t<\/div>\n\t\t\t\t\t<\/div>\n\t\t\t\t<\/div>\n\t\t\t\t<\/div>\n\t\t","protected":false},"excerpt":{"rendered":"<p>Vous trouverez ci-apr\u00e8s la liste des prestations que je propose ainsi que les tarifs appliqu\u00e9s. Au vu du caract\u00e8re personnalis\u00e9 de mes services en accompagnements individuel ( lib\u00e9ration \u00e9motionnelle, coaching de vie) et des soins \u00e9nerg\u00e9tiques personnalis\u00e9s, merci de m&rsquo;adresser votre demande \u00e0 partir du formulaire de Contact. SOINS ENERGETIQUES Soin tournant : Dur\u00e9e : [&hellip;]<\/p>\n","protected":false},"author":1,"featured_media":0,"parent":0,"menu_order":0,"comment_status":"closed","ping_status":"closed","template":"","meta":{"_seopress_robots_primary_cat":"","_seopress_titles_title":"","_seopress_titles_desc":"","_seopress_robots_index":"","footnotes":""},"class_list":["post-682","page","type-page","status-publish","hentry"],"_links":{"self":[{"href":"https:\/\/www.myfengshuihealing.com\/index.php\/wp-json\/wp\/v2\/pages\/682","targetHints":{"allow":["GET"]}}],"collection":[{"href":"https:\/\/www.myfengshuihealing.com\/index.php\/wp-json\/wp\/v2\/pages"}],"about":[{"href":"https:\/\/www.myfengshuihealing.com\/index.php\/wp-json\/wp\/v2\/types\/page"}],"author":[{"embeddable":true,"href":"https:\/\/www.myfengshuihealing.com\/index.php\/wp-json\/wp\/v2\/users\/1"}],"replies":[{"embeddable":true,"href":"https:\/\/www.myfengshuihealing.com\/index.php\/wp-json\/wp\/v2\/comments?post=682"}],"version-history":[{"count":62,"href":"https:\/\/www.myfengshuihealing.com\/index.php\/wp-json\/wp\/v2\/pages\/682\/revisions"}],"predecessor-version":[{"id":1139,"href":"https:\/\/www.myfengshuihealing.com\/index.php\/wp-json\/wp\/v2\/pages\/682\/revisions\/1139"}],"wp:attachment":[{"href":"https:\/\/www.myfengshuihealing.com\/index.php\/wp-json\/wp\/v2\/media?parent=682"}],"curies":[{"name":"wp","href":"https:\/\/api.w.org\/{rel}","templated":true}]}}