{"id":671,"date":"2025-04-17T21:08:57","date_gmt":"2025-04-17T19:08:57","guid":{"rendered":"https:\/\/www.myfengshuihealing.com\/?page_id=671"},"modified":"2025-08-13T22:27:17","modified_gmt":"2025-08-13T20:27:17","slug":"liberation-emotionnelle-2","status":"publish","type":"page","link":"https:\/\/www.myfengshuihealing.com\/index.php\/liberation-emotionnelle-2\/","title":{"rendered":"LIB\u00c9RATION \u00c9MOTIONNELLE"},"content":{"rendered":"\t\t<div data-elementor-type=\"wp-page\" data-elementor-id=\"671\" class=\"elementor elementor-671\">\n\t\t\t\t<div class=\"elementor-element elementor-element-d2dc86d e-con-full e-flex e-con e-parent\" data-id=\"d2dc86d\" data-element_type=\"container\" data-e-type=\"container\">\n\t\t\t\t<div class=\"elementor-element elementor-element-b9b7991 elementor-widget elementor-widget-text-editor\" data-id=\"b9b7991\" data-element_type=\"widget\" data-e-type=\"widget\" data-widget_type=\"text-editor.default\">\n\t\t\t\t<div class=\"elementor-widget-container\">\n\t\t\t\t\t\t\t\t\t<h5><img fetchpriority=\"high\" decoding=\"async\" class=\"aligncenter size-medium wp-image-918\" src=\"https:\/\/www.myfengshuihealing.com\/wp-content\/uploads\/2025\/06\/arbre-de-vie-3-300x300.png\" alt=\"\" width=\"300\" height=\"300\" srcset=\"https:\/\/www.myfengshuihealing.com\/wp-content\/uploads\/2025\/06\/arbre-de-vie-3-300x300.png 300w, https:\/\/www.myfengshuihealing.com\/wp-content\/uploads\/2025\/06\/arbre-de-vie-3-150x150.png 150w, https:\/\/www.myfengshuihealing.com\/wp-content\/uploads\/2025\/06\/arbre-de-vie-3.png 500w\" sizes=\"(max-width: 300px) 100vw, 300px\" \/><\/h5><h5><strong>La lib\u00e9ration \u00e9motionnelle : Qu&rsquo;est-ce que c&rsquo;est ?<\/strong><\/h5><p>La lib\u00e9ration des m\u00e9moires \u00e9motionnelles est une pratique qui vise \u00e0 se lib\u00e9rer des \u00e9motions n\u00e9gatives li\u00e9es \u00e0 des traumatismes pass\u00e9s. Il peut s\u2019agir de croyances limitantes, de blessures \u00e9motionnelles issues de m\u00e9moires transg\u00e9n\u00e9rationnelles (provenant de nos anc\u00eatres), de vies pass\u00e9es ou de notre vie actuelle (notamment au cours de notre enfance).<\/p><p>Ces m\u00e9moires peuvent parfois \u00eatre n\u00e9gatives, engendrant des \u00e9motions telles que la peur (la peur de l\u2019\u00e9chec, la peur de l\u2019autre et toutes autres formes de peurs), la tristesse, la col\u00e8re, l\u2019anxi\u00e9t\u00e9 etc\u2026 Celles-ci laissent une empreinte durable sur notre esprit et notre corps.<\/p><p>Il est important de s\u2019en lib\u00e9rer pour\u00a0 vivre pleinement le moment pr\u00e9sent et favoriser notre bien-\u00eatre. Cette lib\u00e9ration permet de retrouver sa libert\u00e9 int\u00e9rieur et son pouvoir Cr\u00e9ateur. Le travail de lib\u00e9ration effectu\u00e9 pourra b\u00e9n\u00e9ficier \u00e0 vos descendants.<\/p><h5><strong>Et vous ?<\/strong><\/h5><p>Avez-vous d\u00e9j\u00e0 ressenti ce poids invisible qui vous retient, cet \u00e9tau autour de votre c\u0153ur, qui vous emp\u00eache de respirer librement ?<\/p><p>Et si aujourd\u2019hui \u00e9tait le jour o\u00f9 vous d\u00e9cidiez de vous en lib\u00e9rer pour acc\u00e9diez \u00e0 une vie \u00e9panouie et authentique, align\u00e9e avec vos valeurs et vos aspirations les plus profondes !<\/p><h5><strong>Les techniques de lib\u00e9ration des m\u00e9moires \u00e9motionnelles que j\u2019utilise dans mes accompagnements<\/strong><\/h5><p>Il existe plusieurs m\u00e9thodes pour lib\u00e9rer les m\u00e9moires \u00e9motionnelles et se d\u00e9faire des traumatismes pass\u00e9s. Voici quelques-unes des techniques que j\u2019utilise :<\/p><p><strong>EFT (Emotional Freedom Techniques)<\/strong> : L\u2019EFT, ou technique de lib\u00e9ration \u00e9motionnelle, consiste \u00e0 tapoter doucement sur certains points d\u2019acupuncture tout en se concentrant sur les \u00e9motions n\u00e9gatives. Cette m\u00e9thode peut aider \u00e0 dissiper les blocages \u00e9motionnels.<\/p><p><strong>Th\u00e9rapie \u00e9nerg\u00e9tique<\/strong> \u00e0 partir de la radiesth\u00e9sie : Ce processus peut aider \u00e0 r\u00e9\u00e9quilibrer les \u00e9nergies et \u00e0 lib\u00e9rer les \u00e9motions n\u00e9gatives.<\/p><p><strong>Outils \u00e9nerg\u00e9tiques<\/strong> divers pour le travail sur les blessures \u00e9motionnelles, comme les blessures de l\u2019\u00e2me (la trahison, le rejet, l\u2019abandon, l\u2019humiliation et l\u2019injustice) entre autres.<\/p><p><strong>Les bienfaits de la lib\u00e9ration des m\u00e9moires \u00e9motionnelles<\/strong><\/p><p>La lib\u00e9ration des m\u00e9moires \u00e9motionnelles peut apporter de nombreux avantages :<\/p><ul><li><strong>R\u00e9duction du stress<\/strong> : En se lib\u00e9rant des \u00e9motions n\u00e9gatives, on va ressentir une diminution du stress et des tensions accumul\u00e9es.<\/li><li><strong>Am\u00e9lioration de la sant\u00e9 mentale<\/strong> : La lib\u00e9ration des traumatismes pass\u00e9s favorise\u00a0 une meilleure sant\u00e9 mentale et \u00e9motionnelle.<\/li><li><strong>Augmentation de la r\u00e9silience<\/strong> : En affrontant et en lib\u00e9rant les \u00e9motions refoul\u00e9es, on devient plus r\u00e9silient face aux d\u00e9fis de la vie.<\/li><li><strong>Renforcement des relations<\/strong> : Se lib\u00e9rer des m\u00e9moires \u00e9motionnelles peut am\u00e9liorer les relations interpersonnelles en permettant de mieux comprendre et g\u00e9rer ses \u00e9motions.<\/li><\/ul><h5>La lib\u00e9ration des m\u00e9moires transg\u00e9n\u00e9rationnelles<\/h5><p>Les m\u00e9moires transg\u00e9n\u00e9rationnelles sont des souvenirs, des \u00e9motions, des peurs invisibles dont on a h\u00e9rit\u00e9 de g\u00e9n\u00e9ration en g\u00e9n\u00e9ration (de nos parents, nos grands-parents ou de nos anc\u00eatres). Celles-ci influencent\u00a0 nos vies, nos comportements, nos choix, notre \u00e9quilibre et notre bien-\u00eatre.<\/p><p>Que nous le <em>voulions<\/em> ou pas, nous avons tous en nous des m\u00e9moires transg\u00e9n\u00e9rationnelles qui ont un aspect &lsquo;n\u00e9gatif&rsquo; si elles nous emp\u00eachent de vivre des exp\u00e9riences nouvelles, nous freinent dans nos d\u00e9sirs d&rsquo;\u00e9volution. Elles ont aussi un impact direct sur la vie de nos descendants.<\/p><p><strong>Quels blocages \u00e9motionnels invisibles h\u00e9rit\u00e9s de nos lign\u00e9es peuvent nous impacter ?<\/strong><\/p><ul><li><strong>La reproduction des m\u00eames comportements<\/strong> (addictions, d\u00e9pressions&#8230;)<\/li><li><strong>Les loyaut\u00e9s familiales<\/strong> : ce sont des liens psychologiques toxiques, comme une fid\u00e9lit\u00e9 nous liant \u00e0 notre lign\u00e9e familiale (respect et fid\u00e9lit\u00e9 d&rsquo;id\u00e9ologies familiales, de croyances et\/ou pens\u00e9es limitantes familiales&#8230;<\/li><li><strong>Les dates anniversaires<\/strong> : ce sont des \u00e9v\u00e8nements significatifs survenant \u00e0 une date identique (ou \u00e0 un \u00e2ge identique) \u00e0 celle d&rsquo;un membre de notre lign\u00e9e familiale (maternelle ou paternelle).<\/li><li><strong>Les secrets de famille &amp; les v\u0153ux et serments<\/strong> : (v\u0153u d&rsquo;amour \u00e9ternel, v\u0153u d\u2019ob\u00e9issance, de pauvret\u00e9, de sacrifice&#8230;).<\/li><\/ul><p><strong><em>Ensemble nous explorerons les m\u00e9andres de votre c\u0153ur pour y identifier ces blessures cach\u00e9es et les transformer en force et en s\u00e9r\u00e9nit\u00e9, en vous connectant \u00e0 votre essence v\u00e9ritable.<\/em><\/strong><\/p><p><strong><em>Avec bienveillance et respect, je vous accompagne dans votre cheminement vers votre lib\u00e9ration \u00e9motionnelle afin de vous d\u00e9faire des cha\u00eenes du pass\u00e9 et comprendre les m\u00e9canismes inconscients qui vous impactent.<br \/>Une fois lib\u00e9r\u00e9(e) de vos blocages vous pourrez ainsi vivre votre transformation \u00e9motionnelle afin que vous puissiez d\u00e9couvrir la merveilleuse personne que vous \u00eates r\u00e9ellement.<\/em><\/strong><\/p><p><strong><em>Offrez-vous ce cadeau inestimable : la libert\u00e9 \u00e9motionnelle.<\/em><\/strong><\/p><p><strong><em>Vous ouvrirez ainsi la porte \u00e0 la vie que vous avez toujours r\u00eav\u00e9e, esp\u00e9r\u00e9e o\u00f9 chaque jour est une c\u00e9l\u00e9bration, une fiert\u00e9, une victoire de vous-m\u00eame.<\/em><\/strong><\/p><p>Avec toute ma lumi\u00e8re,<\/p><p>Avec tout mon c\u0153ur,<\/p><p>Myl\u00e8ne<\/p>\t\t\t\t\t\t\t\t<\/div>\n\t\t\t\t<\/div>\n\t\t\t\t<\/div>\n\t\t<div class=\"elementor-element elementor-element-f4597b2 e-flex e-con-boxed e-con e-parent\" data-id=\"f4597b2\" data-element_type=\"container\" data-e-type=\"container\">\n\t\t\t\t\t<div class=\"e-con-inner\">\n\t\t\t\t<div class=\"elementor-element elementor-element-eb5ef7f elementor-widget elementor-widget-heading\" data-id=\"eb5ef7f\" data-element_type=\"widget\" data-e-type=\"widget\" data-widget_type=\"heading.default\">\n\t\t\t\t<div class=\"elementor-widget-container\">\n\t\t\t\t\t<h2 class=\"elementor-heading-title elementor-size-default\">\"Je ne suis pas ce qui m'est arriv\u00e9, je suis ce que je choisis de devenir\". (citation apocryphe de C. G. Jung)<\/h2>\t\t\t\t<\/div>\n\t\t\t\t<\/div>\n\t\t\t\t\t<\/div>\n\t\t\t\t<\/div>\n\t\t<div class=\"elementor-element elementor-element-00c259f e-flex e-con-boxed e-con e-parent\" data-id=\"00c259f\" data-element_type=\"container\" data-e-type=\"container\">\n\t\t\t\t\t<div class=\"e-con-inner\">\n\t\t\t\t<div class=\"elementor-element elementor-element-02c4c3f elementor-widget elementor-widget-image\" data-id=\"02c4c3f\" data-element_type=\"widget\" data-e-type=\"widget\" data-widget_type=\"image.default\">\n\t\t\t\t<div class=\"elementor-widget-container\">\n\t\t\t\t\t\t\t\t\t\t\t\t\t\t\t<img decoding=\"async\" src=\"https:\/\/www.myfengshuihealing.com\/wp-content\/uploads\/elementor\/thumbs\/liberation-emotionnelle-r6mvu4gatgo51sywxrvw1fug5jtsvyvpb8xz5a0880.jpg\" title=\"lib\u00e9ration \u00e9motionnelle\" alt=\"lib\u00e9ration \u00e9motionnelle\" loading=\"lazy\" \/>\t\t\t\t\t\t\t\t\t\t\t\t\t\t\t<\/div>\n\t\t\t\t<\/div>\n\t\t\t\t\t<\/div>\n\t\t\t\t<\/div>\n\t\t\t\t<\/div>\n\t\t","protected":false},"excerpt":{"rendered":"<p>La lib\u00e9ration \u00e9motionnelle : Qu&rsquo;est-ce que c&rsquo;est ? La lib\u00e9ration des m\u00e9moires \u00e9motionnelles est une pratique qui vise \u00e0 se lib\u00e9rer des \u00e9motions n\u00e9gatives li\u00e9es \u00e0 des traumatismes pass\u00e9s. Il peut s\u2019agir de croyances limitantes, de blessures \u00e9motionnelles issues de m\u00e9moires transg\u00e9n\u00e9rationnelles (provenant de nos anc\u00eatres), de vies pass\u00e9es ou de notre vie actuelle (notamment [&hellip;]<\/p>\n","protected":false},"author":1,"featured_media":0,"parent":0,"menu_order":0,"comment_status":"closed","ping_status":"closed","template":"","meta":{"_seopress_robots_primary_cat":"","_seopress_titles_title":"","_seopress_titles_desc":"","_seopress_robots_index":"","footnotes":""},"class_list":["post-671","page","type-page","status-publish","hentry"],"_links":{"self":[{"href":"https:\/\/www.myfengshuihealing.com\/index.php\/wp-json\/wp\/v2\/pages\/671","targetHints":{"allow":["GET"]}}],"collection":[{"href":"https:\/\/www.myfengshuihealing.com\/index.php\/wp-json\/wp\/v2\/pages"}],"about":[{"href":"https:\/\/www.myfengshuihealing.com\/index.php\/wp-json\/wp\/v2\/types\/page"}],"author":[{"embeddable":true,"href":"https:\/\/www.myfengshuihealing.com\/index.php\/wp-json\/wp\/v2\/users\/1"}],"replies":[{"embeddable":true,"href":"https:\/\/www.myfengshuihealing.com\/index.php\/wp-json\/wp\/v2\/comments?post=671"}],"version-history":[{"count":41,"href":"https:\/\/www.myfengshuihealing.com\/index.php\/wp-json\/wp\/v2\/pages\/671\/revisions"}],"predecessor-version":[{"id":1147,"href":"https:\/\/www.myfengshuihealing.com\/index.php\/wp-json\/wp\/v2\/pages\/671\/revisions\/1147"}],"wp:attachment":[{"href":"https:\/\/www.myfengshuihealing.com\/index.php\/wp-json\/wp\/v2\/media?parent=671"}],"curies":[{"name":"wp","href":"https:\/\/api.w.org\/{rel}","templated":true}]}}