{"id":66,"date":"2025-02-12T10:55:28","date_gmt":"2025-02-12T09:55:28","guid":{"rendered":"https:\/\/www.myfengshuihealing.com\/?page_id=66"},"modified":"2025-07-26T20:15:30","modified_gmt":"2025-07-26T18:15:30","slug":"geobiologie-feng-shui-habitat","status":"publish","type":"page","link":"https:\/\/www.myfengshuihealing.com\/index.php\/geobiologie-feng-shui-habitat\/","title":{"rendered":"DIAGNOSTIC &amp; HARMONISATION DES LIEUX"},"content":{"rendered":"\t\t<div data-elementor-type=\"wp-page\" data-elementor-id=\"66\" class=\"elementor elementor-66\">\n\t\t\t\t<div class=\"elementor-element elementor-element-fe7a0e5 e-con-full e-flex e-con e-parent\" data-id=\"fe7a0e5\" data-element_type=\"container\" data-e-type=\"container\">\n\t\t\t\t<div class=\"elementor-element elementor-element-56408c6 elementor-widget elementor-widget-image\" data-id=\"56408c6\" data-element_type=\"widget\" data-e-type=\"widget\" data-widget_type=\"image.default\">\n\t\t\t\t<div class=\"elementor-widget-container\">\n\t\t\t\t\t\t\t\t\t\t\t\t\t\t\t<img decoding=\"async\" src=\"https:\/\/www.myfengshuihealing.com\/wp-content\/uploads\/elementor\/thumbs\/2-r1e89taslbm51s5btpoomgs1fcw5g1j9p5n2b4syjg.png\" title=\"2\" alt=\"2\" loading=\"lazy\" \/>\t\t\t\t\t\t\t\t\t\t\t\t\t\t\t<\/div>\n\t\t\t\t<\/div>\n\t\t\t\t<\/div>\n\t\t<div class=\"elementor-element elementor-element-df1b11e e-flex e-con-boxed e-con e-parent\" data-id=\"df1b11e\" data-element_type=\"container\" data-e-type=\"container\">\n\t\t\t\t\t<div class=\"e-con-inner\">\n\t\t\t\t<div class=\"elementor-element elementor-element-d44350a elementor-widget__width-initial elementor-drop-cap-yes elementor-drop-cap-view-default elementor-widget elementor-widget-text-editor\" data-id=\"d44350a\" data-element_type=\"widget\" data-e-type=\"widget\" data-settings=\"{&quot;drop_cap&quot;:&quot;yes&quot;}\" data-widget_type=\"text-editor.default\">\n\t\t\t\t<div class=\"elementor-widget-container\">\n\t\t\t\t\t\t\t\t\t<h5>OFFREZ A VOTRE HABITAT UNE \u00c9NERGIE REVITALISANTE GRACE A LA G\u00c9OBIOLOGIE !<\/h5><p><strong>QU&rsquo;EST CE QUE LA G\u00c9OBIOLOGIE ?<\/strong><\/p><p><strong>La g\u00e9obiologie<\/strong> est l&rsquo;\u00e9tude des influences d&rsquo;un lieu de vie ou d&rsquo;un environnement sur le bien-\u00eatre des \u00eatres vivants (personnes, animaux et v\u00e9g\u00e9taux).<\/p><p>Elle est aussi appel\u00e9e \u00ab\u00a0<em>M\u00e9decine de l&rsquo;Habitat<\/em>\u00ab\u00a0.<\/p><p>Etymologie grecque : GEOS : Terre &#8211; BIOS : Vivant &#8211; LOGOS : \u00c9tude\/raisonnement scientifique ou par extension Connaissances.<\/p><div>La g\u00e9obiologie consiste donc en l&rsquo;analyse des ph\u00e9nom\u00e8nes naturels g\u00e9ologiques, cosmiques et des ondes \u00e9lectromagn\u00e9tiques pr\u00e9sents dans un lieu afin d&rsquo;en \u00e9valuer les impacts et les nuisances sur la sant\u00e9 des habitants ou occupants du lieu (employ\u00e9s d&rsquo;une entreprise par exemple).<\/div><div>Il peut s&rsquo;agir de lieux de vie, de travail ou encore de loisirs mais aussi de lieux d&rsquo;\u00e9levage de b\u00e9tail.<\/div><div>\u00a0<\/div><div><strong>POURQUOI R\u00c9ALISER UN DIAGNOSTIC G\u00c9OBIOLOGIQUE\u00a0 <\/strong><strong>?<\/strong><\/div><div>\u00a0<\/div><div>Le champ g\u00e9omagn\u00e9tique et les rayonnements cosmiques sont omnipr\u00e9sents dans tout espace vital. Tous les organismes vivants les captent en permanence car ils sont indispensables \u00e0 la vie.<\/div><div>Cependant, ils poss\u00e8dent des intensit\u00e9s et des variations qui peuvent avoir un impact et des incidences sur notre sant\u00e9.<\/div><div>Lorsqu&rsquo;ils pr\u00e9sentent des anomalies ou perturbations n\u00e9gatives (rayonnements de veines d&rsquo;eau, de CCT, de r\u00e9seaux telluriques, de failles&#8230;), leurs effets peuvent \u00eatre pathog\u00e8nes, sur l&rsquo;ensemble des \u00eatres vivants.<\/div><div>\u00a0<\/div><div>A titre d&rsquo;exemple, leurs effets sur les v\u00e9g\u00e9taux (arbres) peuvent se mat\u00e9rialiser par des malformations d\u00e9g\u00e9n\u00e9ratives, des excroissances de bois (cf. photos ci-dessous).<\/div><div>A contrario, les effets b\u00e9n\u00e9fiques des rayonnements cosmo-telluriques peuvent rendre les arbres &lsquo;remarquables&rsquo; d\u00e9gageant de fortes \u00e9nergies positives et rayonnant \u00e9nerg\u00e9tiquement sur les alentours.<\/div><div>\u00a0<\/div><div><img fetchpriority=\"high\" decoding=\"async\" class=\"aligncenter size-medium wp-image-773\" src=\"https:\/\/www.myfengshuihealing.com\/wp-content\/uploads\/2025\/05\/GEOBIO5-300x300.jpg\" alt=\"\" width=\"300\" height=\"300\" srcset=\"https:\/\/www.myfengshuihealing.com\/wp-content\/uploads\/2025\/05\/GEOBIO5-300x300.jpg 300w, https:\/\/www.myfengshuihealing.com\/wp-content\/uploads\/2025\/05\/GEOBIO5-1024x1024.jpg 1024w, https:\/\/www.myfengshuihealing.com\/wp-content\/uploads\/2025\/05\/GEOBIO5-150x150.jpg 150w, https:\/\/www.myfengshuihealing.com\/wp-content\/uploads\/2025\/05\/GEOBIO5-768x768.jpg 768w, https:\/\/www.myfengshuihealing.com\/wp-content\/uploads\/2025\/05\/GEOBIO5-1536x1536.jpg 1536w, https:\/\/www.myfengshuihealing.com\/wp-content\/uploads\/2025\/05\/GEOBIO5-2048x2048.jpg 2048w\" sizes=\"(max-width: 300px) 100vw, 300px\" \/><\/div><div>\u00a0<\/div><div>Pour l&rsquo;\u00eatre humain, selon son type de sa constitution , l&rsquo;exposition \u00e0 ces rayonnements variera en fonction de ses propres pr\u00e9dispositions et de ses d\u00e9fenses immunitaires.<\/div><div>\u00a0<\/div><div><strong>Le diagnostic et l&rsquo;harmonisation<\/strong> des lieux sont vivement conseill\u00e9s dans diff\u00e9rentes situations :<\/div><div>\u00a0<\/div><ul><li>Am\u00e9nagement dans un nouvel habitat<\/li><li>Probl\u00e8mes de communication, tensions, disputes r\u00e9currentes entre les habitants du lieu<\/li><li>Travaux r\u00e9alis\u00e9s dans un lieu de vie<\/li><li>Probl\u00e8mes de sant\u00e9 persistants<\/li><li>Probl\u00e8mes de vente ou de location de votre logement&#8230;<\/li><\/ul><p><span style=\"text-decoration: underline;\"><strong>D\u00c9ROUL\u00c9 D&rsquo;UNE INTERVENTION<\/strong> :<\/span><\/p><p>1) A partir d&rsquo;un plan au sol de votre habitation (id\u00e9alement un plan d&rsquo;architecte au format A4) et\u00a0 \u00e0 l&rsquo;aide de la\u00a0 radiesth\u00e9sie, j&rsquo;effectue une recherche diagnostique d\u00e9taill\u00e9e des influences n\u00e9gatives pr\u00e9sentes dans votre lieu de vie.\u00a0 il peut s&rsquo;agir de cours d&rsquo;eaux souterrains, de r\u00e9seaux souterrains, de chemin\u00e9e cosmo-tellurique ou d&rsquo;autres ph\u00e9nom\u00e8nes vibratoires ou \u00e9lectromagn\u00e9tiques.<\/p><p>2) Je vous envoie un compte-rendu du diagnostic et vous envoie le devis pour lib\u00e9rer les \u00e9nergies n\u00e9gatives selon mes protocoles sp\u00e9cifiques, afin de permettre aux habitants de retrouver de la s\u00e9r\u00e9nit\u00e9 et du bien-\u00eatre.<\/p><p>3) Nous convenons ensemble d&rsquo;une heure d&rsquo;intervention au cours d&rsquo;un entretien pr\u00e9alable.<\/p><p>J&rsquo;interviens uniquement \u00e0 distance et de pr\u00e9f\u00e9rence lorsque les habitants sont absents. Ceci vous permettra d&rsquo;\u00e9valuer les changements \u00e9nerg\u00e9tiques d&rsquo;apr\u00e8s vos ressentis de retour \u00e0 votre domicile.<\/p><p>4) Je vous recontacte afin de vous faire un retour sur mon intervention et d&rsquo;obtenir votre ressenti dans les 24h \u00e0 48 h qui suivent mon travail. Je reste disponible en cas de questions.<\/p><p><span style=\"text-decoration: underline;\"><strong>MES TARIFS<\/strong><\/span><\/p><p><strong>Diagnostic g\u00e9obiologie naturelle du lieu : Tarif forfaitaire de 89\u20ac<br \/><\/strong>(failles, veines d&rsquo;eau, nappes d&rsquo;eau, chemin\u00e9e cosmo-telluriques, vortex&#8230;) &#8211;<\/p><p><strong>Diagnostic g\u00e9obiologie vibratoire : Tarif forfaitaire de 89\u20ac<br \/><\/strong>(m\u00e9moires des murs, des sols, objets charg\u00e9s,ondes de formes&#8230;).\u00a0<\/p><p><strong>Diagnostic g\u00e9obiologique \u00e9lectromagn\u00e9tique<\/strong> : <strong>Tarif forfaitaire de 89\u20ac<\/strong> <br \/>(R\u00e9seaux telluriques, Ondes de basses et Hautes fr\u00e9quences, appareils \u00e9lectriques&#8230;).<\/p><p><strong>Nettoyage \u00e9nerg\u00e9tique du lieu : Tarif forfaitaire de 169\u20ac<\/strong><\/p><p>Cette prestation comprend <strong>le diagnostic g\u00e9obiologique<\/strong> de votre choix (g\u00e9obiologie naturelle, vibratoire ou \u00e9lectromagn\u00e9tique) <strong>suivi des actions de correction des ph\u00e9nom\u00e8nes identifi\u00e9s.<\/strong><\/p><p><strong>MA GEOBIOLOGIE + : Une formule compl\u00e8te de nettoyage et d&rsquo;harmonisation du lieu de vie\/d&rsquo;habitation jusqu&rsquo;\u00e0 100m2. <\/strong>Au-del\u00e0 de cette superficie, me contacter pour devis personnalis\u00e9 en remplissant le formulaire de contact.<\/p><p><strong>Cette formule compl\u00e8te comprend<\/strong> :<\/p><ul><li>Un entretien t\u00e9l\u00e9phonique de 30 \u00e0 45 minutes<\/li><li>Un diagnostic g\u00e9obiologique de\u00a0 votre habitation (g\u00e9obiologie naturelle, vibratoire et \u00e9lectromagn\u00e9tique).<\/li><li>La neutralisation des \u00e9nergies \u00e0 impact n\u00e9gatif pour l&rsquo;ensemble des habitants &amp; le nettoyage \u00e9nerg\u00e9tique des lieux<\/li><li>Le nettoyage \u00e9nerg\u00e9tique des habitants<\/li><li>Un compte-rendu des ph\u00e9nom\u00e8nes identifi\u00e9s et corrig\u00e9s<\/li><li>Des conseils pour maintenir la bonne circulation des \u00e9nergies favorables.<\/li><\/ul><p><strong>Tarif forfaitaire de : 349\u20ac<\/strong><\/p><p><em><strong>Vous d\u00e9cidez de prendre soin de votre \u00e9nergie et de celle de vos proches et faire de\u00a0 votre lieu de vie un v\u00e9ritable refuge d&rsquo;\u00e9quilibre, de s\u00e9r\u00e9nit\u00e9 et de vitalit\u00e9 ?<\/strong><\/em><\/p><p><em><strong>Contactez-moi sans plus attendre pour un diagnostic de votre habitat !<\/strong><\/em><\/p><p><img decoding=\"async\" class=\"aligncenter wp-image-538 size-full\" src=\"https:\/\/www.myfengshuihealing.com\/wp-content\/uploads\/2025\/04\/picto-arbre-edited.png\" alt=\"\" width=\"83\" height=\"83\" \/><\/p><p>Lumineusement,<\/p><p>Myl\u00e8ne<\/p><div>\u00a0<\/div>\t\t\t\t\t\t\t\t<\/div>\n\t\t\t\t<\/div>\n\t\t\t\t\t<\/div>\n\t\t\t\t<\/div>\n\t\t<div class=\"elementor-element elementor-element-83e4e57 e-flex e-con-boxed e-con e-parent\" data-id=\"83e4e57\" data-element_type=\"container\" data-e-type=\"container\">\n\t\t\t\t\t<div class=\"e-con-inner\">\n\t\t\t\t<div class=\"elementor-element elementor-element-71e9ffa elementor-align-center elementor-widget elementor-widget-button\" data-id=\"71e9ffa\" data-element_type=\"widget\" data-e-type=\"widget\" data-widget_type=\"button.default\">\n\t\t\t\t<div class=\"elementor-widget-container\">\n\t\t\t\t\t\t\t\t\t<div class=\"elementor-button-wrapper\">\n\t\t\t\t\t<a class=\"elementor-button elementor-button-link elementor-size-sm\" href=\"#RDV%20et%20contact\">\n\t\t\t\t\t\t<span class=\"elementor-button-content-wrapper\">\n\t\t\t\t\t\t\t\t\t<span class=\"elementor-button-text\">PRENDRE RDV<\/span>\n\t\t\t\t\t<\/span>\n\t\t\t\t\t<\/a>\n\t\t\t\t<\/div>\n\t\t\t\t\t\t\t\t<\/div>\n\t\t\t\t<\/div>\n\t\t\t\t\t<\/div>\n\t\t\t\t<\/div>\n\t\t<div class=\"elementor-element elementor-element-3e4947c e-flex e-con-boxed e-con e-parent\" data-id=\"3e4947c\" data-element_type=\"container\" data-e-type=\"container\">\n\t\t\t\t\t<div class=\"e-con-inner\">\n\t\t\t\t<div class=\"elementor-element elementor-element-bd1373a elementor-widget elementor-widget-image\" data-id=\"bd1373a\" data-element_type=\"widget\" data-e-type=\"widget\" data-widget_type=\"image.default\">\n\t\t\t\t<div class=\"elementor-widget-container\">\n\t\t\t\t\t\t\t\t\t\t\t\t<figure class=\"wp-caption\">\n\t\t\t\t\t\t\t\t\t\t<img decoding=\"async\" src=\"https:\/\/www.myfengshuihealing.com\/wp-content\/uploads\/elementor\/thumbs\/GEOBIO1-scaled-r5gvtxihkrm838huwa3km716ttgc3xa7q8i3xdd6ww.jpg\" title=\"GEOBIO1\" alt=\"GEOBIO1\" loading=\"lazy\" \/>\t\t\t\t\t\t\t\t\t\t\t<figcaption class=\"widget-image-caption wp-caption-text\">D\u00e9tection de ph\u00e9nom\u00e8ne pathog\u00e8ne \u00e0 proximit\u00e9 d'un arbre \u00e0 partir des baguettes coud\u00e9es.<\/figcaption>\n\t\t\t\t\t\t\t\t\t\t<\/figure>\n\t\t\t\t\t\t\t\t\t<\/div>\n\t\t\t\t<\/div>\n\t\t\t\t\t<\/div>\n\t\t\t\t<\/div>\n\t\t\t\t<\/div>\n\t\t","protected":false},"excerpt":{"rendered":"<p>OFFREZ A VOTRE HABITAT UNE \u00c9NERGIE REVITALISANTE GRACE A LA G\u00c9OBIOLOGIE ! QU&rsquo;EST CE QUE LA G\u00c9OBIOLOGIE ? La g\u00e9obiologie est l&rsquo;\u00e9tude des influences d&rsquo;un lieu de vie ou d&rsquo;un environnement sur le bien-\u00eatre des \u00eatres vivants (personnes, animaux et v\u00e9g\u00e9taux). Elle est aussi appel\u00e9e \u00ab\u00a0M\u00e9decine de l&rsquo;Habitat\u00ab\u00a0. Etymologie grecque : GEOS : Terre &#8211; [&hellip;]<\/p>\n","protected":false},"author":1,"featured_media":0,"parent":0,"menu_order":0,"comment_status":"closed","ping_status":"closed","template":"","meta":{"_seopress_robots_primary_cat":"","_seopress_titles_title":"","_seopress_titles_desc":"","_seopress_robots_index":"","footnotes":""},"class_list":["post-66","page","type-page","status-publish","hentry"],"_links":{"self":[{"href":"https:\/\/www.myfengshuihealing.com\/index.php\/wp-json\/wp\/v2\/pages\/66","targetHints":{"allow":["GET"]}}],"collection":[{"href":"https:\/\/www.myfengshuihealing.com\/index.php\/wp-json\/wp\/v2\/pages"}],"about":[{"href":"https:\/\/www.myfengshuihealing.com\/index.php\/wp-json\/wp\/v2\/types\/page"}],"author":[{"embeddable":true,"href":"https:\/\/www.myfengshuihealing.com\/index.php\/wp-json\/wp\/v2\/users\/1"}],"replies":[{"embeddable":true,"href":"https:\/\/www.myfengshuihealing.com\/index.php\/wp-json\/wp\/v2\/comments?post=66"}],"version-history":[{"count":138,"href":"https:\/\/www.myfengshuihealing.com\/index.php\/wp-json\/wp\/v2\/pages\/66\/revisions"}],"predecessor-version":[{"id":1076,"href":"https:\/\/www.myfengshuihealing.com\/index.php\/wp-json\/wp\/v2\/pages\/66\/revisions\/1076"}],"wp:attachment":[{"href":"https:\/\/www.myfengshuihealing.com\/index.php\/wp-json\/wp\/v2\/media?parent=66"}],"curies":[{"name":"wp","href":"https:\/\/api.w.org\/{rel}","templated":true}]}}