{"id":46,"date":"2025-02-12T11:12:00","date_gmt":"2025-02-12T10:12:00","guid":{"rendered":"https:\/\/www.myfengshuihealing.com\/?page_id=46"},"modified":"2025-10-10T22:15:46","modified_gmt":"2025-10-10T20:15:46","slug":"qui-suis-je","status":"publish","type":"page","link":"https:\/\/www.myfengshuihealing.com\/index.php\/qui-suis-je\/","title":{"rendered":"QUI SUIS-JE ?"},"content":{"rendered":"\t\t<div data-elementor-type=\"wp-page\" data-elementor-id=\"46\" class=\"elementor elementor-46\">\n\t\t\t\t<div class=\"elementor-element elementor-element-389e7d78 e-con-full e-flex e-con e-parent\" data-id=\"389e7d78\" data-element_type=\"container\" data-e-type=\"container\">\n\t\t\t\t<div class=\"elementor-element elementor-element-ab7cbbf elementor-widget elementor-widget-image\" data-id=\"ab7cbbf\" data-element_type=\"widget\" data-e-type=\"widget\" data-widget_type=\"image.default\">\n\t\t\t\t<div class=\"elementor-widget-container\">\n\t\t\t\t\t\t\t\t\t\t\t\t\t\t\t<img fetchpriority=\"high\" decoding=\"async\" width=\"200\" height=\"300\" src=\"https:\/\/www.myfengshuihealing.com\/wp-content\/uploads\/2025\/07\/DSC_0834-200x300.jpg\" class=\"attachment-medium size-medium wp-image-1058\" alt=\"\" srcset=\"https:\/\/www.myfengshuihealing.com\/wp-content\/uploads\/2025\/07\/DSC_0834-200x300.jpg 200w, https:\/\/www.myfengshuihealing.com\/wp-content\/uploads\/2025\/07\/DSC_0834-683x1024.jpg 683w, https:\/\/www.myfengshuihealing.com\/wp-content\/uploads\/2025\/07\/DSC_0834-768x1152.jpg 768w, https:\/\/www.myfengshuihealing.com\/wp-content\/uploads\/2025\/07\/DSC_0834-1024x1536.jpg 1024w, https:\/\/www.myfengshuihealing.com\/wp-content\/uploads\/2025\/07\/DSC_0834-1365x2048.jpg 1365w, https:\/\/www.myfengshuihealing.com\/wp-content\/uploads\/2025\/07\/DSC_0834-scaled.jpg 1707w\" sizes=\"(max-width: 200px) 100vw, 200px\" \/>\t\t\t\t\t\t\t\t\t\t\t\t\t\t\t<\/div>\n\t\t\t\t<\/div>\n\t\t\t\t<div class=\"elementor-element elementor-element-5ecaf42f elementor-widget elementor-widget-text-editor\" data-id=\"5ecaf42f\" data-element_type=\"widget\" data-e-type=\"widget\" data-widget_type=\"text-editor.default\">\n\t\t\t\t<div class=\"elementor-widget-container\">\n\t\t\t\t\t\t\t\t\t<!-- \/wp:quote --><!-- wp:paragraph -->\n<p><strong>Mon histoire : un chemin vers l&rsquo;alignement<\/strong><\/p>\n<p>Je suis Myl\u00e8ne Cayol-Cyth\u00e8re, Consultante, formatrice et Coach en d\u00e9veloppement personnel depuis plus de 12 ans. Au fil des nombreuses et belles rencontres humaines, des accompagnements individuels, des partages et des formations, j\u2019ai appris \u00e0 \u00e9couter les autres et plus profond\u00e9ment mon \u00catre\u2026 et \u00e0 me reconnecter \u00e0 ce qui me fait vibrer.<\/p>\n<p>Adolescente et jeune adulte, j\u2019ai toujours \u00e9t\u00e9 attir\u00e9e par l\u2019invisible, par l\u2019\u00e9nergie vitale qu\u2019on appelle le Chi, par la radiesth\u00e9sie et le Feng Shui. Il faut croire que le monde attendait de moi des choix \u201cs\u00e9rieux\u201d, rationnels, conformes. J\u2019ai alors mis de c\u00f4t\u00e9 ces \u00e9lans intuitifs pour m\u2019inscrire dans des fonctions conventionnelles \u2014 sans jamais totalement oublier cet appel silencieux.<\/p>\n<p>Puis la vie, dans sa grande sagesse, m\u2019a ramen\u00e9e vers ce fil rouge : l\u2019\u00e9nergie. Le deuil difficile d&rsquo;un \u00eatre cher, un nouveau lieu de vie, le besoin visc\u00e9ral de r\u00e9enchanter mon quotidien\u2026 En r\u00e9ponse \u00e0 tous ces \u00e9v\u00e8nements, le Feng Shui s\u2019est naturellement r\u00e9invit\u00e9 dans ma vie, comme une \u00e9vidence, amenant avec lui la g\u00e9obiologie, tous deux miroirs des ph\u00e9nom\u00e8nes subtils qui influencent notre sant\u00e9, notre bien-\u00eatre et notre \u00e9quilibre int\u00e9rieur.\u00a0<br \/><br \/>Travailler sur l\u2019\u00e9motionnel avec l\u2019\u00e9nergie, percevoir les vibrations d\u2019un lieu, comprendre les flux invisibles qui nous traversent \u2014 tout cela m\u2019a passionn\u00e9e au point de transformer ma trajectoire. Je me suis form\u00e9e \u00e0 toutes ces m\u00e9thodes, ces outils pr\u00e9cieux. J\u2019ai appris \u00e0 harmoniser. J\u2019ai os\u00e9 \u00e9couter mon intuition.<\/p>\n<p>Aujourd\u2019hui, j\u2019accompagne les personnes dans la r\u00e9activation de leur pouvoir int\u00e9rieur, la lib\u00e9ration \u00e9motionnelle et l\u2019harmonisation des \u00e9nergies \u2014 autant dans leur habitat que dans leur vie. Je suis convaincue que l\u2019\u00e9nergie circule l\u00e0 o\u00f9 l\u2019authenticit\u00e9 vibre, et que notre environnement peut devenir un v\u00e9ritable alli\u00e9 pour la r\u00e9alisation de soi.<\/p>\n<p>Je vous aide \u00e0 cr\u00e9er des espaces qui soutiennent vos projets, vos \u00e9lans, vos envies en respectant vos besoins, et surtout des\u00a0 lieux qui respirent avec vous. Je vous accompagne \u00e9galement dans les transitions, les blocages, les stagnations \u2014 pour faire de l\u2019\u00e9nergie une v\u00e9ritable source de transformation \u00e9motionnelle.<\/p>\n<p>Je suis align\u00e9e aujourd\u2019hui avec mes valeurs, ma sensibilit\u00e9, ma singularit\u00e9 et mon go\u00fbt profond pour les relations humaines. Si vous \u00eates pr\u00eat(e) \u00e0 vous (re)connecter \u00e0 ce souffle vital, je serai l\u00e0, \u00e0 vos c\u00f4t\u00e9s, avec bienveillance et conviction.<\/p>\n<p>Avec toute ma lumi\u00e8re,<\/p>\n<p>Avec tout mon c\u0153ur.<\/p>\n<p>\u00a0<\/p>\n<p>Myl\u00e8ne\u00a0<\/p>\n<p>\u00a0 \u00a0 \u00a0 \u00a0 \u00a0 \u00a0 \u00a0 \u00a0 \u00a0 \u00a0 \u00a0 \u00a0 \u00a0 \u00a0 \u00a0 \u00a0 \u00a0 \u00a0 \u00a0 \u00a0 \u00a0 \u00a0 \u00a0 \u00a0 \u00a0 \u00a0 \u00a0 \u00a0 \u00a0 \u00a0 \u00a0 <img decoding=\"async\" class=\"alignnone size-medium wp-image-469\" src=\"https:\/\/www.myfengshuihealing.com\/wp-content\/uploads\/2025\/04\/angel-300x225.jpg\" alt=\"\" width=\"300\" height=\"225\" srcset=\"https:\/\/www.myfengshuihealing.com\/wp-content\/uploads\/2025\/04\/angel-300x225.jpg 300w, https:\/\/www.myfengshuihealing.com\/wp-content\/uploads\/2025\/04\/angel-1024x768.jpg 1024w, https:\/\/www.myfengshuihealing.com\/wp-content\/uploads\/2025\/04\/angel-768x576.jpg 768w, https:\/\/www.myfengshuihealing.com\/wp-content\/uploads\/2025\/04\/angel.jpg 1280w\" sizes=\"(max-width: 300px) 100vw, 300px\" \/><\/p>\n<!-- \/wp:quote --><!-- wp:paragraph -->\n<p>\u00a0<\/p>\n<!-- \/wp:paragraph -->\t\t\t\t\t\t\t\t<\/div>\n\t\t\t\t<\/div>\n\t\t\t\t<\/div>\n\t\t<div class=\"elementor-element elementor-element-9c41e89 e-flex e-con-boxed e-con e-parent\" data-id=\"9c41e89\" data-element_type=\"container\" data-e-type=\"container\">\n\t\t\t\t\t<div class=\"e-con-inner\">\n\t\t\t\t\t<\/div>\n\t\t\t\t<\/div>\n\t\t\t\t<\/div>\n\t\t","protected":false},"excerpt":{"rendered":"<p>Mon histoire : un chemin vers l&rsquo;alignement Je suis Myl\u00e8ne Cayol-Cyth\u00e8re, Consultante, formatrice et Coach en d\u00e9veloppement personnel depuis plus de 12 ans. Au fil des nombreuses et belles rencontres humaines, des accompagnements individuels, des partages et des formations, j\u2019ai appris \u00e0 \u00e9couter les autres et plus profond\u00e9ment mon \u00catre\u2026 et \u00e0 me reconnecter \u00e0 [&hellip;]<\/p>\n","protected":false},"author":1,"featured_media":0,"parent":0,"menu_order":0,"comment_status":"closed","ping_status":"closed","template":"","meta":{"_seopress_robots_primary_cat":"","_seopress_titles_title":"","_seopress_titles_desc":"","_seopress_robots_index":"","footnotes":""},"class_list":["post-46","page","type-page","status-publish","hentry"],"_links":{"self":[{"href":"https:\/\/www.myfengshuihealing.com\/index.php\/wp-json\/wp\/v2\/pages\/46","targetHints":{"allow":["GET"]}}],"collection":[{"href":"https:\/\/www.myfengshuihealing.com\/index.php\/wp-json\/wp\/v2\/pages"}],"about":[{"href":"https:\/\/www.myfengshuihealing.com\/index.php\/wp-json\/wp\/v2\/types\/page"}],"author":[{"embeddable":true,"href":"https:\/\/www.myfengshuihealing.com\/index.php\/wp-json\/wp\/v2\/users\/1"}],"replies":[{"embeddable":true,"href":"https:\/\/www.myfengshuihealing.com\/index.php\/wp-json\/wp\/v2\/comments?post=46"}],"version-history":[{"count":44,"href":"https:\/\/www.myfengshuihealing.com\/index.php\/wp-json\/wp\/v2\/pages\/46\/revisions"}],"predecessor-version":[{"id":1205,"href":"https:\/\/www.myfengshuihealing.com\/index.php\/wp-json\/wp\/v2\/pages\/46\/revisions\/1205"}],"wp:attachment":[{"href":"https:\/\/www.myfengshuihealing.com\/index.php\/wp-json\/wp\/v2\/media?parent=46"}],"curies":[{"name":"wp","href":"https:\/\/api.w.org\/{rel}","templated":true}]}}