{"id":355,"date":"2025-03-12T20:57:12","date_gmt":"2025-03-12T19:57:12","guid":{"rendered":"https:\/\/www.myfengshuihealing.com\/?page_id=355"},"modified":"2025-07-24T19:29:12","modified_gmt":"2025-07-24T17:29:12","slug":"nettoyage-energetique-des-lieux","status":"publish","type":"page","link":"https:\/\/www.myfengshuihealing.com\/index.php\/nettoyage-energetique-des-lieux\/","title":{"rendered":"NETTOYAGE \u00c9NERG\u00c9TIQUE DES LIEUX"},"content":{"rendered":"\t\t<div data-elementor-type=\"wp-page\" data-elementor-id=\"355\" class=\"elementor elementor-355\">\n\t\t\t\t<div class=\"elementor-element elementor-element-1dfa023 e-con-full e-flex e-con e-parent\" data-id=\"1dfa023\" data-element_type=\"container\" data-e-type=\"container\">\n\t\t\t\t<div class=\"elementor-element elementor-element-aa4cc90 elementor-widget elementor-widget-text-editor\" data-id=\"aa4cc90\" data-element_type=\"widget\" data-e-type=\"widget\" data-widget_type=\"text-editor.default\">\n\t\t\t\t<div class=\"elementor-widget-container\">\n\t\t\t\t\t\t\t\t\t<h5><strong>LE NETTOYAGE ENERGETIQUE ET L&rsquo;HARMONISATION DES LIEUX : Qu&rsquo;est-ce que c&rsquo;est ?<\/strong><\/h5><p>Le <em>nettoyage \u00e9nerg\u00e9tique<\/em> des lieux est une pratique ancienne qui consiste \u00e0 d\u00e9barrasser un espace des \u00e9nergies n\u00e9gatives, stagnantes ou perturbatrices. Cette m\u00e9thode peut \u00eatre utilis\u00e9e pour les maisons, les bureaux, les espaces de travail ou tout autre endroit o\u00f9 l&rsquo;on souhaite instaurer une atmosph\u00e8re sereine et positive.<\/p><h5><strong>Les m\u00e9moires des murs et des objets :<\/strong><\/h5><p>Les murs et les objets pr\u00e9sents dans un lieu peuvent absorber et retenir les \u00e9nergies des \u00e9v\u00e9nements qui s&rsquo;y sont d\u00e9roul\u00e9s, des personnes qui y ont v\u00e9cu ou des \u00e9motions ressenties. Telles que la peur, la violence, la tristesse, les disputes, la maladie etc&#8230; Ces \u00ab\u00a0m\u00e9moires\u00a0\u00bb peuvent influencer l&rsquo;ambiance d&rsquo;un espace et affecter ceux qui y habitent. Le nettoyage \u00e9nerg\u00e9tique vise donc \u00e0 lib\u00e9rer ces m\u00e9moires et \u00e0 renouveler l&rsquo;\u00e9nergie du lieu.<\/p><h5>Les m\u00e9moires des lieux<\/h5><p>Les m\u00e9moires des lieux se r\u00e9f\u00e8rent aux \u00e9nergies r\u00e9siduelles des \u00e9v\u00e9nements pass\u00e9s, des \u00e9motions et des personnes qui ont habit\u00e9 ou fr\u00e9quent\u00e9 ces espaces. Ces \u00e9nergies peuvent influencer l&rsquo;ambiance d&rsquo;un lieu et affecter le bien-\u00eatre de ceux qui y vivent. Le nettoyage des m\u00e9moires des lieux et des murs vise \u00e0 lib\u00e9rer ces \u00e9nergies et \u00e0 renouveler l&rsquo;atmosph\u00e8re.<\/p><h5>Quand effectuer un nettoyage \u00e9nerg\u00e9tique dans son lieu de vie ?<\/h5><p>De mani\u00e8re g\u00e9n\u00e9rale, il est vivement conseill\u00e9 de proc\u00e9der \u00e0 un nettoyage de votre lieu de vie <em>une fois par an<\/em>.<\/p><p>En revanche, il est tr\u00e8s important de proc\u00e9der \u00e0 un nettoyage des lieux dans les cas suivants (liste non-exhaustive) :<\/p><ul><li>Vous am\u00e9nagez dans un nouveau lieu de vie<\/li><li>Vous avez r\u00e9alis\u00e9 des travaux<\/li><li>Vous vivez dans un lieu charg\u00e9 d&rsquo;histoire<\/li><li>Vous vivez pr\u00e8s d&rsquo;un cimeti\u00e8re, d&rsquo;un h\u00f4pital,<\/li><li>Des \u00e9v\u00e8nements difficiles se sont d\u00e9roul\u00e9s dans ce lieu (conflits, ruptures, maladies, d\u00e9c\u00e8s&#8230;)<\/li><li>Vous vous sentez stress\u00e9e de mani\u00e8re r\u00e9currente voire oppress\u00e9(e)<\/li><li>Vous ressentez des douleurs physiques que vous n&rsquo;arrivez pas \u00e0 faire dispara\u00eetre avec un traitement allopathique<\/li><li>Vous rencontrez des probl\u00e8mes de sommeil persistants sans en comprendre l&rsquo;origine&#8230;<\/li><\/ul><h5><strong>Les bienfaits du nettoyage \u00e9nerg\u00e9tique d&rsquo;un lieu<\/strong><\/h5><p>Le nettoyage \u00e9nerg\u00e9tique des lieux peut apporter de nombreux avantages :<\/p><p><strong>Bien-\u00eatre g\u00e9n\u00e9ral : <\/strong>En cr\u00e9ant un environnement plus harmonieux, vous pouvez ressentir une am\u00e9lioration de votre bien-\u00eatre physique et mental.<\/p><p><strong>Augmentation de la productivit\u00e9 : <\/strong>Un espace de travail purifi\u00e9 et \u00e9quilibr\u00e9 peut favoriser la concentration et la cr\u00e9ativit\u00e9.<\/p><p><strong>Am\u00e9lioration des relations : <\/strong>Vivre dans un espace \u00e9nerg\u00e9tique sain peut renforcer les relations familiales et sociales.<\/p><p><strong>R\u00e9duction du stress : <\/strong>Un environnement \u00e9nerg\u00e9tique harmonieux peut aider \u00e0 diminuer le stress et les tensions.<\/p><h5><strong>Les techniques de nettoyage \u00e9nerg\u00e9tique<\/strong><\/h5><p>Il existe plusieurs m\u00e9thodes pour effectuer soi-m\u00eame un nettoyage \u00e9nerg\u00e9tique de base de votre habitat. Voici quelques-unes des plus courantes :<\/p><ul><li style=\"list-style-type: none;\"><ol><li><strong>Sauge et encens : <\/strong>Br\u00fbler de la sauge ou de l&rsquo;encens est une technique traditionnelle pour purifier l&rsquo;air et chasser les \u00e9nergies n\u00e9gatives. Passez la fum\u00e9e dans chaque pi\u00e8ce en insistant sur les coins et les recoins.<\/li><li><strong>Cristaux : <\/strong>Utiliser des cristaux tels que la tourmaline noire, le quartz rose ou l&rsquo;am\u00e9thyste peut aider \u00e0 absorber les \u00e9nergies n\u00e9gatives et \u00e0 \u00e9lever la vibration de l&rsquo;espace.<\/li><li><strong>Sons : <\/strong>Les vibrations des sons, comme les cloches, les bols chantants ou les mantras, peuvent dissiper les \u00e9nergies stagnantes et harmoniser l&rsquo;environnement<\/li><\/ol><\/li><\/ul><h5><span style=\"text-decoration: underline;\"><strong>Mon intervention<\/strong><\/span><\/h5><p>J&rsquo;interviens toujours \u00e0 distance dans l&rsquo;\u00e9tude, le diagnostic \u00e9nerg\u00e9tique et le nettoyage des lieux en utilisant des protocoles qui me sont propres et je proc\u00e8de \u00e0 un diagnostic vibratoire du lieu afin d&rsquo;identifier les points de blocages \u00e9nerg\u00e9tiques\u00a0<\/p><p><strong>D\u00e9roul\u00e9 de mon intervention<\/strong><\/p><p>Au cours d&rsquo;un entretien t\u00e9l\u00e9phonique nous \u00e9changerons sur vos probl\u00e9matiques et vos attentes. Je r\u00e9alise ensuite un diagnostic \u00e9nerg\u00e9tique du lieu, \u00e0 partir de photos et d&rsquo;un plan de votre lieu de vie,\u00a0 afin de d\u00e9tecter les \u00e9nergies n\u00e9gatives pr\u00e9sentes tant sur le lieu que sur les habitants (objets charg\u00e9s, pr\u00e9sence d&rsquo;\u00e2mes d\u00e9funtes, ph\u00e9nom\u00e8nes d\u00e9rangeants, pr\u00e9sence d&rsquo;entit\u00e9s n\u00e9gatives et autres sources de pollution \u00e9nerg\u00e9tiques&#8230;).. Cette \u00e9tude pr\u00e9alable m&rsquo;est indispensable car elle me permettra de valider ma capacit\u00e9 \u00e0 intervenir sur vos probl\u00e9matiques.<\/p><p>Une fois les points de blocages \u00e9nerg\u00e9tiques d\u00e9tect\u00e9s , je proc\u00e8de \u00e0 leur \u00e9limination lors du nettoyage afin de permettre une bonne circulations des \u00e9nergies dans votre lieu de vie.<\/p><p>A l&rsquo;issue de mon intervention, je vous conseille sur la mani\u00e8re d&rsquo;entretenir les bienfaits du nettoyage afin que l&rsquo;ensemble des habitants puissent en b\u00e9n\u00e9ficier le plus longtemps.<\/p><div>\u00a0<\/div><div>\u00a0<\/div>\t\t\t\t\t\t\t\t<\/div>\n\t\t\t\t<\/div>\n\t\t\t\t<div class=\"elementor-element elementor-element-8774618 elementor-align-center elementor-widget elementor-widget-button\" data-id=\"8774618\" data-element_type=\"widget\" data-e-type=\"widget\" data-widget_type=\"button.default\">\n\t\t\t\t<div class=\"elementor-widget-container\">\n\t\t\t\t\t\t\t\t\t<div class=\"elementor-button-wrapper\">\n\t\t\t\t\t<a class=\"elementor-button elementor-button-link elementor-size-sm\" href=\"https:\/\/www.myfengshuihealing.com\/index.php\/rdv-et-contact\/\">\n\t\t\t\t\t\t<span class=\"elementor-button-content-wrapper\">\n\t\t\t\t\t\t\t\t\t<span class=\"elementor-button-text\">ME CONTACTER<\/span>\n\t\t\t\t\t<\/span>\n\t\t\t\t\t<\/a>\n\t\t\t\t<\/div>\n\t\t\t\t\t\t\t\t<\/div>\n\t\t\t\t<\/div>\n\t\t\t\t<\/div>\n\t\t<div class=\"elementor-element elementor-element-4b0d217 e-grid e-con-boxed e-con e-parent\" data-id=\"4b0d217\" data-element_type=\"container\" data-e-type=\"container\">\n\t\t\t\t\t<div class=\"e-con-inner\">\n\t\t\t\t<div class=\"elementor-element elementor-element-5a168c1 elementor-widget elementor-widget-image\" data-id=\"5a168c1\" data-element_type=\"widget\" data-e-type=\"widget\" data-widget_type=\"image.default\">\n\t\t\t\t<div class=\"elementor-widget-container\">\n\t\t\t\t\t\t\t\t\t\t\t\t\t\t\t<img fetchpriority=\"high\" decoding=\"async\" width=\"1024\" height=\"680\" src=\"https:\/\/www.myfengshuihealing.com\/wp-content\/uploads\/2025\/02\/bols-chantants-1024x680.jpg\" class=\"attachment-large size-large wp-image-546\" alt=\"\" srcset=\"https:\/\/www.myfengshuihealing.com\/wp-content\/uploads\/2025\/02\/bols-chantants-1024x680.jpg 1024w, https:\/\/www.myfengshuihealing.com\/wp-content\/uploads\/2025\/02\/bols-chantants-300x199.jpg 300w, https:\/\/www.myfengshuihealing.com\/wp-content\/uploads\/2025\/02\/bols-chantants-768x510.jpg 768w, https:\/\/www.myfengshuihealing.com\/wp-content\/uploads\/2025\/02\/bols-chantants.jpg 1280w\" sizes=\"(max-width: 1024px) 100vw, 1024px\" \/>\t\t\t\t\t\t\t\t\t\t\t\t\t\t\t<\/div>\n\t\t\t\t<\/div>\n\t\t\t\t<div class=\"elementor-element elementor-element-1999bd0 elementor-widget__width-inherit elementor-widget elementor-widget-image\" data-id=\"1999bd0\" data-element_type=\"widget\" data-e-type=\"widget\" data-widget_type=\"image.default\">\n\t\t\t\t<div class=\"elementor-widget-container\">\n\t\t\t\t\t\t\t\t\t\t\t\t\t\t\t<img decoding=\"async\" width=\"682\" height=\"1024\" src=\"https:\/\/www.myfengshuihealing.com\/wp-content\/uploads\/2025\/02\/pigmyweeds-6947384_1280-682x1024.jpg\" class=\"attachment-large size-large wp-image-44\" alt=\"\" srcset=\"https:\/\/www.myfengshuihealing.com\/wp-content\/uploads\/2025\/02\/pigmyweeds-6947384_1280-682x1024.jpg 682w, https:\/\/www.myfengshuihealing.com\/wp-content\/uploads\/2025\/02\/pigmyweeds-6947384_1280-200x300.jpg 200w, https:\/\/www.myfengshuihealing.com\/wp-content\/uploads\/2025\/02\/pigmyweeds-6947384_1280-768x1152.jpg 768w, https:\/\/www.myfengshuihealing.com\/wp-content\/uploads\/2025\/02\/pigmyweeds-6947384_1280.jpg 853w\" sizes=\"(max-width: 682px) 100vw, 682px\" \/>\t\t\t\t\t\t\t\t\t\t\t\t\t\t\t<\/div>\n\t\t\t\t<\/div>\n\t\t\t\t\t<\/div>\n\t\t\t\t<\/div>\n\t\t<div class=\"elementor-element elementor-element-9f32038 e-flex e-con-boxed e-con e-parent\" data-id=\"9f32038\" data-element_type=\"container\" data-e-type=\"container\">\n\t\t\t\t\t<div class=\"e-con-inner\">\n\t\t\t\t\t<\/div>\n\t\t\t\t<\/div>\n\t\t\t\t<\/div>\n\t\t","protected":false},"excerpt":{"rendered":"<p>LE NETTOYAGE ENERGETIQUE ET L&rsquo;HARMONISATION DES LIEUX : Qu&rsquo;est-ce que c&rsquo;est ? Le nettoyage \u00e9nerg\u00e9tique des lieux est une pratique ancienne qui consiste \u00e0 d\u00e9barrasser un espace des \u00e9nergies n\u00e9gatives, stagnantes ou perturbatrices. Cette m\u00e9thode peut \u00eatre utilis\u00e9e pour les maisons, les bureaux, les espaces de travail ou tout autre endroit o\u00f9 l&rsquo;on souhaite instaurer [&hellip;]<\/p>\n","protected":false},"author":1,"featured_media":0,"parent":0,"menu_order":0,"comment_status":"closed","ping_status":"closed","template":"","meta":{"_seopress_robots_primary_cat":"","_seopress_titles_title":"","_seopress_titles_desc":"","_seopress_robots_index":"","footnotes":""},"class_list":["post-355","page","type-page","status-publish","hentry"],"_links":{"self":[{"href":"https:\/\/www.myfengshuihealing.com\/index.php\/wp-json\/wp\/v2\/pages\/355","targetHints":{"allow":["GET"]}}],"collection":[{"href":"https:\/\/www.myfengshuihealing.com\/index.php\/wp-json\/wp\/v2\/pages"}],"about":[{"href":"https:\/\/www.myfengshuihealing.com\/index.php\/wp-json\/wp\/v2\/types\/page"}],"author":[{"embeddable":true,"href":"https:\/\/www.myfengshuihealing.com\/index.php\/wp-json\/wp\/v2\/users\/1"}],"replies":[{"embeddable":true,"href":"https:\/\/www.myfengshuihealing.com\/index.php\/wp-json\/wp\/v2\/comments?post=355"}],"version-history":[{"count":28,"href":"https:\/\/www.myfengshuihealing.com\/index.php\/wp-json\/wp\/v2\/pages\/355\/revisions"}],"predecessor-version":[{"id":1016,"href":"https:\/\/www.myfengshuihealing.com\/index.php\/wp-json\/wp\/v2\/pages\/355\/revisions\/1016"}],"wp:attachment":[{"href":"https:\/\/www.myfengshuihealing.com\/index.php\/wp-json\/wp\/v2\/media?parent=355"}],"curies":[{"name":"wp","href":"https:\/\/api.w.org\/{rel}","templated":true}]}}