{"id":3,"date":"2025-02-10T18:00:43","date_gmt":"2025-02-10T17:00:43","guid":{"rendered":"http:\/\/www.myfengshuihealing.com\/?page_id=3"},"modified":"2025-08-13T23:00:12","modified_gmt":"2025-08-13T21:00:12","slug":"politique-de-confidentialite","status":"publish","type":"page","link":"https:\/\/www.myfengshuihealing.com\/index.php\/politique-de-confidentialite\/","title":{"rendered":"Politique de confidentialit\u00e9"},"content":{"rendered":"\t\t<div data-elementor-type=\"wp-page\" data-elementor-id=\"3\" class=\"elementor elementor-3\">\n\t\t\t\t<div class=\"elementor-element elementor-element-5e009ee4 e-flex e-con-boxed e-con e-parent\" data-id=\"5e009ee4\" data-element_type=\"container\" data-e-type=\"container\">\n\t\t\t\t\t<div class=\"e-con-inner\">\n\t\t\t\t<div class=\"elementor-element elementor-element-201a5341 elementor-widget elementor-widget-text-editor\" data-id=\"201a5341\" data-element_type=\"widget\" data-e-type=\"widget\" data-widget_type=\"text-editor.default\">\n\t\t\t\t<div class=\"elementor-widget-container\">\n\t\t\t\t\t\t\t\t\t<p><strong>POLITIQUE DE CONFIDENTIALITE<\/strong><\/p>\n<ol>\n<li><strong> Introduction<\/strong><\/li>\n<\/ol>\n<p>La pr\u00e9sente politique de confidentialit\u00e9 d\u00e9crit la mani\u00e8re dont le site : www.myfengshuihealing.com collecte, utilise, conserve et prot\u00e8ge les donn\u00e9es personnelles dans le cadre de son activit\u00e9 de conseil en g\u00e9obiologie et feng shui, en coaching et accompagnement en aide \u00e0 l&rsquo;autre.<\/p>\n<ol start=\"2\">\n<li><strong> Responsable du traitement<\/strong><\/li>\n<\/ol>\n<p>Le responsable du traitement des donn\u00e9es est : Nom : Mme CAYOL-CYTHERE Myl\u00e8ne Adresse : 2, all\u00e9e des buissons &#8211; 28130 Hanches &#8211; Adresse e-mail : contact@myfengshuihealing.com<\/p>\n<ol start=\"3\">\n<li><strong> Donn\u00e9es collect\u00e9es<\/strong><\/li>\n<\/ol>\n<p>Nous collectons les cat\u00e9gories de donn\u00e9es suivantes :<\/p>\n<ul>\n<li>Informations d\u2019identification : nom, pr\u00e9nom, e-mail<\/li>\n<li>Donn\u00e9es de contexte g\u00e9obiologique : plan de votre logement ou de vos locaux, photos<\/li>\n<li>Donn\u00e9es de connexion : adresse IP, type de navigateur, pages visit\u00e9es sur notre site<\/li>\n<li>Donn\u00e9es facultatives : photos de votre int\u00e9rieur ou ext\u00e9rieur, commentaires, pr\u00e9f\u00e9rences personnelles<\/li>\n<\/ul>\n<ol start=\"4\">\n<li><strong> Finalit\u00e9s du traitement<\/strong><\/li>\n<\/ol>\n<p>Vos donn\u00e9es sont collect\u00e9es et trait\u00e9es pour :<\/p>\n<ul>\n<li>\u00c9tablir des devis et factures<\/li>\n<li>Assurer la prise de contact et de rendez-vous et le suivi client<\/li>\n<li>Envoyer des newsletters ou des informations cibl\u00e9es (newsletter, actualit\u00e9s)<\/li>\n<li>Am\u00e9liorer notre site web et analyser le trafic (statistiques anonymis\u00e9es)<\/li>\n<\/ul>\n<ol start=\"5\">\n<li><strong> Bases l\u00e9gales<\/strong><\/li>\n<\/ol>\n<p>Le traitement de vos donn\u00e9es repose sur :<\/p>\n<ol>\n<li>L\u2019ex\u00e9cution de notre contrat de prestation de services (article 6.1.b du RGPD)<\/li>\n<li>Votre consentement pour l\u2019envoi de communications commerciales (article 6.1.a du RGPD)<\/li>\n<li>Notre int\u00e9r\u00eat l\u00e9gitime \u00e0 am\u00e9liorer notre offre et notre site (article 6.1.f du RGPD)<\/li>\n<\/ol>\n<ol start=\"6\">\n<li><strong> Destinataires des donn\u00e9es<\/strong><\/li>\n<\/ol>\n<p>Vos donn\u00e9es ne seront pas communiqu\u00e9es ni transmises \u00e0 des tiers \u00e0 des fins de publicit\u00e9 ou marketing.<\/p>\n<ol start=\"7\">\n<li><strong> Dur\u00e9e de conservation<\/strong><\/li>\n<\/ol>\n<ul>\n<li>Donn\u00e9es li\u00e9es \u00e0 la relation commerciale : conservation pendant la dur\u00e9e de la relation client, puis 5 ans (prescription comptable et civile).<\/li>\n<li>Cookies et donn\u00e9es de connexion : jusqu\u2019\u00e0 13 mois (conform\u00e9ment aux recommandations de la CNIL).<\/li>\n<li>Newsletter : jusqu\u2019\u00e0 r\u00e9vocation de votre consentement.<\/li>\n<\/ul>\n<ol start=\"8\">\n<li><strong> S\u00e9curit\u00e9 des donn\u00e9es<\/strong><\/li>\n<\/ol>\n<p>Nous mettons en place des mesures techniques et organisationnelles adapt\u00e9es :<\/p>\n<ul>\n<li>H\u00e9bergement s\u00e9curis\u00e9 en France (ou Union europ\u00e9enne)<\/li>\n<li>Acc\u00e8s restreint \u00e0 l&rsquo;administratrice du site uniquement<\/li>\n<li>Sauvegardes r\u00e9guli\u00e8res et chiffrement des donn\u00e9es sensibles<\/li>\n<\/ul>\n<ol start=\"9\">\n<li><strong> Vos droits<\/strong><\/li>\n<\/ol>\n<p>Conform\u00e9ment au RGPD et \u00e0 la loi Informatique et Libert\u00e9s, vous disposez :<\/p>\n<ul>\n<li>Du droit d\u2019acc\u00e8s \u00e0 vos donn\u00e9es<\/li>\n<li>Du droit de rectification de toute information inexacte<\/li>\n<li>Du droit \u00e0 l\u2019effacement (\u00ab droit \u00e0 l\u2019oubli \u00bb)<\/li>\n<li>Du droit \u00e0 la limitation du traitement<\/li>\n<li>Du droit d\u2019opposition, notamment pour prospection commerciale<\/li>\n<li>Du droit \u00e0 la portabilit\u00e9 de vos donn\u00e9es<\/li>\n<li>Du droit de d\u00e9finir des directives post-mortalit\u00e9<\/li>\n<\/ul>\n<p>Pour exercer vos droits, adressez-nous une demande par :<\/p>\n<ul>\n<li>E-mail : contact@myfengshuihealing.com<\/li>\n<li>Courrier : 2, all\u00e9e des buissons &#8211; 28130 Hanches<\/li>\n<\/ul>\n<p>Nous r\u00e9pondrons sous 1 mois conform\u00e9ment aux obligations l\u00e9gales.<\/p>\n<ol start=\"10\">\n<li><strong> Utilisation des cookies<\/strong><\/li>\n<\/ol>\n<p>Notre site utilise des cookies pour :<\/p>\n<ul>\n<li>Assurer le bon fonctionnement du site<\/li>\n<li>Analyser la fr\u00e9quentation (Google Analytics anonymis\u00e9)<\/li>\n<\/ul>\n<p>Vous pouvez g\u00e9rer vos pr\u00e9f\u00e9rences via la banni\u00e8re de consentement ou les param\u00e8tres de votre navigateur.<\/p>\n<ol start=\"11\">\n<li><strong> \u00c9volutions de la politique<\/strong><\/li>\n<\/ol>\n<p>Nous nous r\u00e9servons la possibilit\u00e9 de modifier cette politique. Toute mise \u00e0 jour sera publi\u00e9e sur cette page avec la date de r\u00e9vision.<\/p>\n<ol start=\"12\">\n<li><strong> Contact<\/strong><\/li>\n<\/ol>\n<p>Pour toute question relative \u00e0 cette politique, vous pouvez nous contacter :<\/p>\n<p>E-mail : contact@myfengshuihealing.com<\/p>\t\t\t\t\t\t\t\t<\/div>\n\t\t\t\t<\/div>\n\t\t\t\t\t<\/div>\n\t\t\t\t<\/div>\n\t\t\t\t<\/div>\n\t\t","protected":false},"excerpt":{"rendered":"<p>POLITIQUE DE CONFIDENTIALITE Introduction La pr\u00e9sente politique de confidentialit\u00e9 d\u00e9crit la mani\u00e8re dont le site : www.myfengshuihealing.com collecte, utilise, conserve et prot\u00e8ge les donn\u00e9es personnelles dans le cadre de son activit\u00e9 de conseil en g\u00e9obiologie et feng shui, en coaching et accompagnement en aide \u00e0 l&rsquo;autre. Responsable du traitement Le responsable du traitement des donn\u00e9es [&hellip;]<\/p>\n","protected":false},"author":1,"featured_media":0,"parent":0,"menu_order":0,"comment_status":"closed","ping_status":"open","template":"","meta":{"_seopress_robots_primary_cat":"","_seopress_titles_title":"","_seopress_titles_desc":"","_seopress_robots_index":"","footnotes":""},"class_list":["post-3","page","type-page","status-publish","hentry"],"_links":{"self":[{"href":"https:\/\/www.myfengshuihealing.com\/index.php\/wp-json\/wp\/v2\/pages\/3","targetHints":{"allow":["GET"]}}],"collection":[{"href":"https:\/\/www.myfengshuihealing.com\/index.php\/wp-json\/wp\/v2\/pages"}],"about":[{"href":"https:\/\/www.myfengshuihealing.com\/index.php\/wp-json\/wp\/v2\/types\/page"}],"author":[{"embeddable":true,"href":"https:\/\/www.myfengshuihealing.com\/index.php\/wp-json\/wp\/v2\/users\/1"}],"replies":[{"embeddable":true,"href":"https:\/\/www.myfengshuihealing.com\/index.php\/wp-json\/wp\/v2\/comments?post=3"}],"version-history":[{"count":13,"href":"https:\/\/www.myfengshuihealing.com\/index.php\/wp-json\/wp\/v2\/pages\/3\/revisions"}],"predecessor-version":[{"id":1157,"href":"https:\/\/www.myfengshuihealing.com\/index.php\/wp-json\/wp\/v2\/pages\/3\/revisions\/1157"}],"wp:attachment":[{"href":"https:\/\/www.myfengshuihealing.com\/index.php\/wp-json\/wp\/v2\/media?parent=3"}],"curies":[{"name":"wp","href":"https:\/\/api.w.org\/{rel}","templated":true}]}}