{"id":26,"date":"2025-02-12T16:24:47","date_gmt":"2025-02-12T15:24:47","guid":{"rendered":"http:\/\/www.myfengshuihealing.com\/?page_id=26"},"modified":"2025-08-05T18:20:43","modified_gmt":"2025-08-05T16:20:43","slug":"quest-ce-que-le-feng-shui","status":"publish","type":"page","link":"https:\/\/www.myfengshuihealing.com\/index.php\/quest-ce-que-le-feng-shui\/","title":{"rendered":"QU&rsquo;EST CE QUE LE FENG SHUI ?"},"content":{"rendered":"\t\t<div data-elementor-type=\"wp-page\" data-elementor-id=\"26\" class=\"elementor elementor-26\">\n\t\t\t\t<div class=\"elementor-element elementor-element-70f0809d e-flex e-con-boxed e-con e-parent\" data-id=\"70f0809d\" data-element_type=\"container\" data-e-type=\"container\">\n\t\t\t\t\t<div class=\"e-con-inner\">\n\t\t\t\t<div class=\"elementor-element elementor-element-6f2a9e69 elementor-widget elementor-widget-text-editor\" data-id=\"6f2a9e69\" data-element_type=\"widget\" data-e-type=\"widget\" data-widget_type=\"text-editor.default\">\n\t\t\t\t<div class=\"elementor-widget-container\">\n\t\t\t\t\t\t\t\t\t<p>Le feng shui est un art ancestral chinois qui a pour principe de faire le pont entre l&rsquo;habitat et les habitants en favorisant la circulation de l&rsquo;\u00e9nergie vitale, appel\u00e9e le &lsquo;Chi&rsquo; ou &lsquo;Qi\u00a0\u00bb, prononc\u00e9 &lsquo;tchi&rsquo;. Cela apportant le bien-\u00eatre et l&rsquo;\u00e9quilibre aux habitants du lieu.<\/p>\n<p>La traduction litt\u00e9raire du feng shui est \u00ab\u00a0eau\u00a0\u00bb et \u00ab\u00a0air\u00a0\u00bb, faisant r\u00e9f\u00e9rence au lien entre le ciel et la terre.<\/p>\n<p><strong>Quels sont les principes fondamentaux et outils du feng shui tib\u00e9tain ?<\/strong><\/p>\n<p>Les principes fondamentaux du feng shui tib\u00e9tain sont les suivants :<\/p>\n<ol>\n<li><strong><span style=\"text-decoration: underline;\">Le Yin et le Yang<\/span> : <\/strong>Le feng shui vise \u00e0 \u00e9quilibrer les forces oppos\u00e9es mais compl\u00e9mentaires du Yin (\u00e9nergie douce, passive) et du Yang (\u00e9nergie active, dynamique). Un espace doit contenir une juste proportion de ces deux \u00e9nergies. Elles symbolisent l&rsquo;\u00e9nergie constante de l&rsquo;Univers<br \/>\u00a0\u00a0<br \/><strong><span style=\"text-decoration: underline;\">2. Les Cinq \u00c9l\u00e9ments<\/span> : <\/strong>Le bois, le feu, la terre, le m\u00e9tal et l&rsquo;eau sont les \u00e9l\u00e9ments de base qui interagissent entre eux dans un cycle de cr\u00e9ation ou de destruction.\u00a0<br \/>Ils sont utilis\u00e9s pour \u00e9quilibrer les \u00e9nergies dans un espace en fonction de leurs propri\u00e9t\u00e9s et de leurs associations (par exemple, le bois favorise la croissance, l&rsquo;eau repr\u00e9sente le flux et la clart\u00e9).<strong><br \/><br \/><\/strong><strong>3. La Circulation du <em>Qi<\/em> : <\/strong>L&rsquo;\u00e9nergie doit pouvoir circuler librement dans un espace sans \u00eatre bloqu\u00e9e. Un am\u00e9nagement fluide favorise le mouvement naturel du\u00a0<em>Qi<\/em>, cr\u00e9ant une atmosph\u00e8re apaisante et vivante.<strong><br \/><br \/><\/strong><strong>4. Le Ba Gua (ou Pa Kua) : <\/strong>C&rsquo;est la carte \u00e9nerg\u00e9tique d&rsquo;un lieu divis\u00e9e en neuf zones, chacune repr\u00e9sentant un aspect de la vie (comme la carri\u00e8re, les relations, ou la sant\u00e9). Le Ba Gua aide \u00e0 organiser et \u00e0 ajuster un environnement en fonction des intentions et des besoins de chacun.<strong><br \/><br \/><\/strong><strong>5. L&rsquo;Importance de la Nature : <\/strong>Le feng shui encourage l&rsquo;int\u00e9gration d&rsquo;\u00e9l\u00e9ments naturels tels que la lumi\u00e8re, les plantes, et l&rsquo;eau. Ces \u00e9l\u00e9ments renforcent le lien avec la nature, ce qui contribue \u00e0 apaiser l&rsquo;esprit et \u00e0 revitaliser le corps.<br \/><br \/><strong>6. Le D\u00e9sencombrement : <\/strong>Un espace encombr\u00e9 bloque le flux d&rsquo;\u00e9nergie et peut engendrer du stress. L&rsquo;organisation et la propret\u00e9 sont essentielles pour maintenir une \u00e9nergie \u00e9quilibr\u00e9e et positive.<\/li>\n<\/ol>\n<p>Le <strong>Feng Shui tib\u00e9tain<\/strong> vous invite \u00e0 aller bien au-del\u00e0 des directions cardinales et des calculs complexes qui r\u00e9gissent le Feng Shui traditionnel Chinois (l&rsquo;\u00e9cole de la boussole) ou celui de l&rsquo;\u00e9cole des \u00e9toiles volantes. Inspir\u00e9 de l&rsquo;\u00e9cole de la forme et du bouddhisme tantrique, le Feng Shui Tib\u00e9tain est une approche <strong>intuitive et<\/strong>\u00a0<strong>centr\u00e9e sur l\u2019\u00e9nergie<\/strong> pr\u00e9sente dans votre lieu \u2014 et en vous. Il est bas\u00e9 sur la psychologie de l&rsquo;habitat et la pens\u00e9e positive notamment. Enfin, il s&rsquo;adapte \u00e0 notre mode de vie occidental.<\/p>\n<p><strong>A quelles probl\u00e9matiques s&rsquo;adressent le Feng shui ?<\/strong><\/p>\n<p>Le feng shui tib\u00e9tain s&rsquo;applique dans les <strong>9 domaines de vie<\/strong> :<\/p>\n<ul>\n<li>Sant\u00e9\/Famille\u00a0\u00a0<\/li>\n<li>Abondance\/Prosp\u00e9rit\u00e9<\/li>\n<li>\u00c9quilibre\/Harmonie<\/li>\n<li>Carri\u00e8re\/Destin\u00e9e<\/li>\n<li>Bienfaiteurs\/Voyages<\/li>\n<li>Amours\/Relations<\/li>\n<li>Sagesse\/Connaissances<\/li>\n<li>Renomm\u00e9e\/R\u00e9putation<\/li>\n<li>Enfants\/Projets<\/li>\n<\/ul>\n<p><strong>Qu&rsquo;apporte le feng shui ?<\/strong><\/p>\n<p>En fonction des domaines de vie activ\u00e9s, voici les bienfaits que vous pouvez en tirer :<\/p>\n<ul>\n<li>Bien-\u00eatre personnel et am\u00e9lioration de la vitalit\u00e9<\/li>\n<li>Harmonie familiale<\/li>\n<li>Cr\u00e9ativit\u00e9 et productivit\u00e9 de l&rsquo;espace de vie ou de travail<\/li>\n<li>Succ\u00e8s professionnel et opportunit\u00e9s de d\u00e9veloppement<\/li>\n<li>Paix int\u00e9rieure et s\u00e9curit\u00e9<\/li>\n<li>Confiance en soi et \u00e9quilibre \u00e9motionnel<\/li>\n<li>Sant\u00e9 et abondance financi\u00e8res<\/li>\n<li>Augmentation du respect de soi<\/li>\n<li>Am\u00e9lioration de vos relations professionnelles<\/li>\n<\/ul>\n<p>Que vous soyez en qu\u00eate de s\u00e9r\u00e9nit\u00e9, de vitalit\u00e9 ou de renouveau, votre habitat devient un miroir de vos aspirations. Ensemble, redonnons du sens \u00e0 chaque pi\u00e8ce de votre lieu de vie pour y installer l&rsquo;abondance !<\/p>\n<p><em><strong>Mon accompagnement \u00ab\u00a0Harmonie de l&rsquo;Habitat Feng Shui\u00a0\u00bb :<\/strong><\/em><\/p>\n<ul>\n<li><strong>Pose du Bagua<\/strong> selon les orientations et les sp\u00e9cificit\u00e9s de votre lieu\u00a0<\/li>\n<li><strong>Diagnostic \u00e9nerg\u00e9tique complet<\/strong> : flux, blocages, zones sensibles<\/li>\n<li><strong>Harmonisation de l\u2019espace<\/strong> par les couleurs, les mat\u00e9riaux et l\u2019agencement<\/li>\n<li><strong>Conseils pratiques<\/strong> pour conserver les bienfaits au fil du temps.<\/li>\n<\/ul>\n<p>Pr\u00eat(e) \u00e0 r\u00e9veiller l\u2019\u00e9nergie de votre espace ? Je vous accompagne avec bienveillance, expertise et sensibilit\u00e9.<\/p>\n<p>A bient\u00f4t !<\/p>\n<p>Lumineusement,<\/p>\n<p>\u00a0<\/p>\n<p>Myl\u00e8ne<\/p>\n<p>\u00a0<\/p>\n<p><!-- \/wp:paragraph --><!-- wp:paragraph --><\/p>\n<p><!-- \/wp:paragraph --><\/p>\t\t\t\t\t\t\t\t<\/div>\n\t\t\t\t<\/div>\n\t\t\t\t<div class=\"elementor-element elementor-element-4e9239a elementor-align-center elementor-widget elementor-widget-button\" data-id=\"4e9239a\" data-element_type=\"widget\" data-e-type=\"widget\" data-widget_type=\"button.default\">\n\t\t\t\t<div class=\"elementor-widget-container\">\n\t\t\t\t\t\t\t\t\t<div class=\"elementor-button-wrapper\">\n\t\t\t\t\t<a class=\"elementor-button elementor-button-link elementor-size-sm\" href=\"#\">\n\t\t\t\t\t\t<span class=\"elementor-button-content-wrapper\">\n\t\t\t\t\t\t\t\t\t<span class=\"elementor-button-text\">ME CONTACTER<\/span>\n\t\t\t\t\t<\/span>\n\t\t\t\t\t<\/a>\n\t\t\t\t<\/div>\n\t\t\t\t\t\t\t\t<\/div>\n\t\t\t\t<\/div>\n\t\t\t\t<div class=\"elementor-element elementor-element-02927ae elementor-widget elementor-widget-image\" data-id=\"02927ae\" data-element_type=\"widget\" data-e-type=\"widget\" data-widget_type=\"image.default\">\n\t\t\t\t<div class=\"elementor-widget-container\">\n\t\t\t\t\t\t\t\t\t\t\t\t\t\t\t<img fetchpriority=\"high\" decoding=\"async\" width=\"612\" height=\"408\" src=\"https:\/\/www.myfengshuihealing.com\/wp-content\/uploads\/2025\/04\/bagua-5-elements.jpg\" class=\"attachment-large size-large wp-image-470\" alt=\"\" srcset=\"https:\/\/www.myfengshuihealing.com\/wp-content\/uploads\/2025\/04\/bagua-5-elements.jpg 612w, https:\/\/www.myfengshuihealing.com\/wp-content\/uploads\/2025\/04\/bagua-5-elements-300x200.jpg 300w\" sizes=\"(max-width: 612px) 100vw, 612px\" \/>\t\t\t\t\t\t\t\t\t\t\t\t\t\t\t<\/div>\n\t\t\t\t<\/div>\n\t\t\t\t\t<\/div>\n\t\t\t\t<\/div>\n\t\t<div class=\"elementor-element elementor-element-8d675d2 e-flex e-con-boxed e-con e-parent\" data-id=\"8d675d2\" data-element_type=\"container\" data-e-type=\"container\">\n\t\t\t\t\t<div class=\"e-con-inner\">\n\t\t\t\t<div class=\"elementor-element elementor-element-78facd0 elementor-widget elementor-widget-text-editor\" data-id=\"78facd0\" data-element_type=\"widget\" data-e-type=\"widget\" data-widget_type=\"text-editor.default\">\n\t\t\t\t<div class=\"elementor-widget-container\">\n\t\t\t\t\t\t\t\t\t<h4><span class=\"iBZzo\"><em><strong>\u201cLe Feng Shui est \u00e0 l&rsquo;environnement ce que l&rsquo;acupuncture est au corps\u201d.<\/strong><\/em> Van Minh<\/span><\/h4>\t\t\t\t\t\t\t\t<\/div>\n\t\t\t\t<\/div>\n\t\t\t\t\t<\/div>\n\t\t\t\t<\/div>\n\t\t\t\t<\/div>\n\t\t","protected":false},"excerpt":{"rendered":"<p>Le feng shui est un art ancestral chinois qui a pour principe de faire le pont entre l&rsquo;habitat et les habitants en favorisant la circulation de l&rsquo;\u00e9nergie vitale, appel\u00e9e le &lsquo;Chi&rsquo; ou &lsquo;Qi\u00a0\u00bb, prononc\u00e9 &lsquo;tchi&rsquo;. Cela apportant le bien-\u00eatre et l&rsquo;\u00e9quilibre aux habitants du lieu. La traduction litt\u00e9raire du feng shui est \u00ab\u00a0eau\u00a0\u00bb et \u00ab\u00a0air\u00a0\u00bb, [&hellip;]<\/p>\n","protected":false},"author":1,"featured_media":0,"parent":0,"menu_order":0,"comment_status":"closed","ping_status":"closed","template":"","meta":{"_seopress_robots_primary_cat":"","_seopress_titles_title":"","_seopress_titles_desc":"","_seopress_robots_index":"","footnotes":""},"class_list":["post-26","page","type-page","status-publish","hentry"],"_links":{"self":[{"href":"https:\/\/www.myfengshuihealing.com\/index.php\/wp-json\/wp\/v2\/pages\/26","targetHints":{"allow":["GET"]}}],"collection":[{"href":"https:\/\/www.myfengshuihealing.com\/index.php\/wp-json\/wp\/v2\/pages"}],"about":[{"href":"https:\/\/www.myfengshuihealing.com\/index.php\/wp-json\/wp\/v2\/types\/page"}],"author":[{"embeddable":true,"href":"https:\/\/www.myfengshuihealing.com\/index.php\/wp-json\/wp\/v2\/users\/1"}],"replies":[{"embeddable":true,"href":"https:\/\/www.myfengshuihealing.com\/index.php\/wp-json\/wp\/v2\/comments?post=26"}],"version-history":[{"count":55,"href":"https:\/\/www.myfengshuihealing.com\/index.php\/wp-json\/wp\/v2\/pages\/26\/revisions"}],"predecessor-version":[{"id":1093,"href":"https:\/\/www.myfengshuihealing.com\/index.php\/wp-json\/wp\/v2\/pages\/26\/revisions\/1093"}],"wp:attachment":[{"href":"https:\/\/www.myfengshuihealing.com\/index.php\/wp-json\/wp\/v2\/media?parent=26"}],"curies":[{"name":"wp","href":"https:\/\/api.w.org\/{rel}","templated":true}]}}