{"id":184,"date":"2025-02-12T18:40:25","date_gmt":"2025-02-12T17:40:25","guid":{"rendered":"https:\/\/www.myfengshuihealing.com\/?page_id=184"},"modified":"2025-07-25T17:15:09","modified_gmt":"2025-07-25T15:15:09","slug":"coaching-de-vie","status":"publish","type":"page","link":"https:\/\/www.myfengshuihealing.com\/index.php\/coaching-de-vie\/","title":{"rendered":"COACHING DE VIE"},"content":{"rendered":"\t\t<div data-elementor-type=\"wp-page\" data-elementor-id=\"184\" class=\"elementor elementor-184\">\n\t\t\t\t<div class=\"elementor-element elementor-element-5d54837 e-con-full e-flex e-con e-parent\" data-id=\"5d54837\" data-element_type=\"container\" data-e-type=\"container\">\n\t\t\t\t<div class=\"elementor-element elementor-element-be8e5b0 elementor-widget__width-initial elementor-widget elementor-widget-image\" data-id=\"be8e5b0\" data-element_type=\"widget\" data-e-type=\"widget\" data-widget_type=\"image.default\">\n\t\t\t\t<div class=\"elementor-widget-container\">\n\t\t\t\t\t\t\t\t\t\t\t\t\t\t\t<img decoding=\"async\" src=\"https:\/\/www.myfengshuihealing.com\/wp-content\/uploads\/elementor\/thumbs\/life-2048978_1280-r1ovg176y0c1uvp0zyy2mq13cxum6j7jzk6u5ihd3c.jpg\" title=\"life-2048978_1280\" alt=\"life-2048978_1280\" loading=\"lazy\" \/>\t\t\t\t\t\t\t\t\t\t\t\t\t\t\t<\/div>\n\t\t\t\t<\/div>\n\t\t\t\t<\/div>\n\t\t<div class=\"elementor-element elementor-element-1254985d e-con-full e-flex e-con e-parent\" data-id=\"1254985d\" data-element_type=\"container\" data-e-type=\"container\">\n\t\t\t\t<div class=\"elementor-element elementor-element-18c833a5 elementor-widget__width-initial elementor-widget elementor-widget-text-editor\" data-id=\"18c833a5\" data-element_type=\"widget\" data-e-type=\"widget\" data-widget_type=\"text-editor.default\">\n\t\t\t\t<div class=\"elementor-widget-container\">\n\t\t\t\t\t\t\t\t\t<p><strong>Qu&rsquo;est ce que le Coaching de vie ?<\/strong><\/p>\n<p>Le <strong>coaching de vie<\/strong> est un accompagnement sur plusieurs semaines voire plusieurs mois (si n\u00e9cessaire) qui permet de travailler sur votre d\u00e9veloppement personnel et d&rsquo;atteindre des objectifs de vie ou de r\u00e9pondre \u00e0 des probl\u00e9matiques d&rsquo;ordre personnelles dans le cadre de la vie priv\u00e9e et\/ou professionnelle.<\/p>\n<p><strong>Mon exp\u00e9rience en accompagnement<\/strong><\/p>\n<p>J&rsquo;accompagne individuellement et en toute bienveillance les personnes en d\u00e9veloppement personnel depuis plus de 12 ans maintenant et ce toujours avec le m\u00eame enthousiasme. Aussi, cette exp\u00e9rience fait que je suis capable d&rsquo;identifier rapidement les blocages qui emp\u00eachent la personne d&rsquo;atteindre ses objectifs.<\/p>\n<p>Je travaille \u00e0 vos c\u00f4t\u00e9s dans la recherche de solutions. Je vous aide \u00e0 prendre conscience de votre plein potentiel, \u00e0 vous valoriser, \u00e0 vous aimer et a avoir une image positive de vous-m\u00eame&#8230; Je veille \u00e0 ce que vous deveniez acteur (actrice) du processus de changement qui vous permettra de trouver la paix int\u00e9rieure dans votre cheminement vers l&rsquo;objectif fix\u00e9.<\/p>\n<p><!-- \/wp:paragraph --><\/p>\n<p><!-- wp:paragraph --><\/p>\n<p>Les sujets et probl\u00e9matiques (liste non exhaustive) que nous pouvons aborder ensemble : <!-- wp:paragraph --><!-- \/wp:paragraph --><\/p>\n<p><!-- \/wp:paragraph --><\/p>\n<p><!-- wp:paragraph --><\/p>\n<ul>\n<li><strong>Surmonter les \u00e9preuves de la vie <br \/><\/strong><\/li>\n<li><strong>Apprendre \u00e0 mieux g\u00e9rer ses \u00e9motions<\/strong><!-- \/wp:paragraph --><!-- \/wp:paragraph --><!-- wp:paragraph --><\/li>\n<li><strong>D\u00e9velopper son estime de soi et sa confiance en soi en trouvant sa place<\/strong><!-- wp:paragraph --><!-- \/wp:paragraph --><\/li>\n<li><strong>Retrouver une certaine s\u00e9r\u00e9nit\u00e9 et une bonne vitalit\u00e9<\/strong><!-- \/wp:paragraph --><\/li>\n<li><strong>Faire bouger ce qui ne convient plus<\/strong><!-- wp:paragraph --><!-- \/wp:paragraph --><\/li>\n<li><strong>Retrouver l\u2019\u00e9nergie n\u00e9cessaire pour entamer les changements dans sa vie<\/strong><\/li>\n<li><strong>Lib\u00e9rer les blocages afin d\u2019oser votre reconversion ou vous lancer dans vos projets<\/strong><\/li>\n<li><strong>Se lib\u00e9rer de ses peurs et croire en soi&#8230;<\/strong><\/li>\n<\/ul>\n<p><!-- \/wp:paragraph --><\/p>\n<p><!-- wp:list --><\/p>\n<ul class=\"wp-block-list\">\n<li style=\"list-style-type: none;\">\n<ul class=\"wp-block-list\">\n<li style=\"list-style-type: none;\">\n<ul class=\"wp-block-list\"><!-- wp:list-item --><\/ul>\n<\/li>\n<\/ul>\n<\/li>\n<\/ul>\n<p><!-- \/wp:list-item --><\/p>\n<p><!-- wp:list-item --><\/p>\n<p><!-- \/wp:list-item --><\/p>\n<p><!-- wp:list-item --><\/p>\n<p><!-- \/wp:list-item --><\/p>\n<p><!-- wp:list-item --><\/p>\n<p><!-- \/wp:list-item --><\/p>\n<p><!-- wp:list-item --><\/p>\n<p><!-- \/wp:list-item --><\/p>\n<p><!-- wp:list-item --><\/p>\n<p><!-- \/wp:list-item --><\/p>\n<p><!-- wp:list-item --><\/p>\n<p>D&rsquo;autres th\u00e9matiques d&rsquo;accompagnement individuel en d\u00e9veloppement personnel sur lesquelles j&rsquo;ai \u00e9galement beaucoup accompagn\u00e9 les personnes :<\/p>\n<ul>\n<li><strong>Se lib\u00e9rer des pens\u00e9es n\u00e9gatives et\/ou des croyances limitantes<\/strong><\/li>\n<li><strong>D\u00e9couvrir son g\u00e9nie personnel et savoir l&rsquo;exploiter<\/strong><\/li>\n<li><strong>Se reconnecter \u00e0 soi<\/strong><\/li>\n<li><strong>Troubles du sommeil<\/strong><\/li>\n<li><strong>Troubles de l&rsquo;alimentation<\/strong><\/li>\n<\/ul>\n<p>Je pr\u00e9cise que je ne suis pas m\u00e9decin. Je ne fais donc pas de diagnostic.<\/p>\n<p>Mon coaching prend en compte toutes les dimensions de votre \u00eatre (plan physique, mental, \u00e9motionnel et spirituel) afin de vous aider \u00e0 atteindre vos objectifs en alignement avec vos valeurs et vos aspirations.<\/p>\n<p>Je suis convaincue que toutes les dimensions de l&rsquo;\u00eatre sont \u00e9troitement li\u00e9es. Aussi, <strong>je vous guide mais je n&rsquo;impose jamais<\/strong>. Je participe \u00e0 \u00e9veiller votre conscience tout en respectant vos attentes et vos croyances.<\/p>\n<p>C&rsquo;est en cela que mes accompagnements sont particuliers car j&rsquo;utilise une bo\u00eete \u00e0 outils et de techniques tr\u00e8s riches pour lesquels j&rsquo;ai \u00e9t\u00e9 form\u00e9e :\u00a0 outils de lib\u00e9ration \u00e9motionnelle, de nettoyage \u00e9nerg\u00e9tique, la radiesth\u00e9sie et la num\u00e9rologie car ils tous compl\u00e9mentaires et au service du bien-\u00eatre de la personne accompagn\u00e9e.<\/p>\n<p><strong>D\u00e9roul\u00e9 d&rsquo;une s\u00e9ance de coaching :<\/strong><\/p>\n<p><span class=\"BxUVEf ILfuVd\" lang=\"fr\"><span class=\"hgKElc\">Une <b>s\u00e9ance de coaching de vie<\/b> dure entre 1 heure et 1h30.\u00a0 Elle <b>se d\u00e9roule<\/b> sous la forme d&rsquo;un premier entretien sous forme d&rsquo;\u00e9change. Vous d\u00e9terminez et nous validons\u00a0 ensemble l&rsquo;objectif que vous d\u00e9sirez atteindre mais c&rsquo;est bien vous qui le formulez. Au fil des s\u00e9ances, vous mettez en place <\/span><\/span><span class=\"BxUVEf ILfuVd\" lang=\"fr\"><span class=\"hgKElc\">des actions n\u00e9cessaires pour atteindre cet objectif, guid\u00e9(e) par mes soins.<\/span><\/span><\/p>\n<p><span style=\"text-decoration: underline;\"><strong>Mes qualit\u00e9s<\/strong><\/span> :<\/p>\n<p>Passionn\u00e9e par les relations humaines, dot\u00e9e d&rsquo;un go\u00fbt de l&rsquo;autre, je suis une personne \u00e0 l&rsquo;\u00e9coute des autres, bienveillante, empathique, respectueuse de votre personnalit\u00e9 et patiente.<\/p>\n<p><span style=\"text-decoration: underline;\"><strong>Mes valeurs<\/strong> <\/span>:<\/p>\n<p>Confidentialit\u00e9, non-jugement, respect de l&rsquo;autre, int\u00e9grit\u00e9, authenticit\u00e9.<\/p>\n<p>Si vous souhaitez \u00eatre accompagn\u00e9(e) en toute bienveillance sur le chemin de\u00a0 votre \u00e9panouissement personnel et de votre nouvelle vie pleine d\u2019abondance, je serai ravie et honor\u00e9e d&rsquo;\u00eatre \u00e0 vos c\u00f4t\u00e9s.<\/p>\n<p>Le coaching \u00e9tant une prestation individuelle et personnalis\u00e9e, merci de me contacter pour toute demande de devis.<\/p>\n<p>Au plaisir de vous accompagner !<\/p>\n<p>Avec toute ma lumi\u00e8re,<\/p>\n<p>Avec tout mon c\u0153ur,<\/p>\n<p>Myl\u00e8ne<\/p>\n<ul class=\"wp-block-list\">\n<li style=\"list-style-type: none;\">\u00a0<\/li>\n<\/ul>\n<p><!-- \/wp:list-item --><\/p>\n<p><!-- \/wp:list --><\/p>\t\t\t\t\t\t\t\t<\/div>\n\t\t\t\t<\/div>\n\t\t\t\t<\/div>\n\t\t<div class=\"elementor-element elementor-element-ba4c794 e-flex e-con-boxed e-con e-parent\" data-id=\"ba4c794\" data-element_type=\"container\" data-e-type=\"container\">\n\t\t\t\t\t<div class=\"e-con-inner\">\n\t\t\t\t<div class=\"elementor-element elementor-element-b5ca2d0 elementor-widget elementor-widget-heading\" data-id=\"b5ca2d0\" data-element_type=\"widget\" data-e-type=\"widget\" data-widget_type=\"heading.default\">\n\t\t\t\t<div class=\"elementor-widget-container\">\n\t\t\t\t\t<h2 class=\"elementor-heading-title elementor-size-default\">\"Le privil\u00e8ge d'une vie, c'est de devenir ce que vous \u00eates vraiment.\"  \n  Carl Gustav Jung<\/h2>\t\t\t\t<\/div>\n\t\t\t\t<\/div>\n\t\t\t\t\t<\/div>\n\t\t\t\t<\/div>\n\t\t\t\t<\/div>\n\t\t","protected":false},"excerpt":{"rendered":"<p>Qu&rsquo;est ce que le Coaching de vie ? Le coaching de vie est un accompagnement sur plusieurs semaines voire plusieurs mois (si n\u00e9cessaire) qui permet de travailler sur votre d\u00e9veloppement personnel et d&rsquo;atteindre des objectifs de vie ou de r\u00e9pondre \u00e0 des probl\u00e9matiques d&rsquo;ordre personnelles dans le cadre de la vie priv\u00e9e et\/ou professionnelle. Mon [&hellip;]<\/p>\n","protected":false},"author":1,"featured_media":0,"parent":0,"menu_order":0,"comment_status":"closed","ping_status":"closed","template":"","meta":{"_seopress_robots_primary_cat":"","_seopress_titles_title":"","_seopress_titles_desc":"","_seopress_robots_index":"","footnotes":""},"class_list":["post-184","page","type-page","status-publish","hentry"],"_links":{"self":[{"href":"https:\/\/www.myfengshuihealing.com\/index.php\/wp-json\/wp\/v2\/pages\/184","targetHints":{"allow":["GET"]}}],"collection":[{"href":"https:\/\/www.myfengshuihealing.com\/index.php\/wp-json\/wp\/v2\/pages"}],"about":[{"href":"https:\/\/www.myfengshuihealing.com\/index.php\/wp-json\/wp\/v2\/types\/page"}],"author":[{"embeddable":true,"href":"https:\/\/www.myfengshuihealing.com\/index.php\/wp-json\/wp\/v2\/users\/1"}],"replies":[{"embeddable":true,"href":"https:\/\/www.myfengshuihealing.com\/index.php\/wp-json\/wp\/v2\/comments?post=184"}],"version-history":[{"count":85,"href":"https:\/\/www.myfengshuihealing.com\/index.php\/wp-json\/wp\/v2\/pages\/184\/revisions"}],"predecessor-version":[{"id":1025,"href":"https:\/\/www.myfengshuihealing.com\/index.php\/wp-json\/wp\/v2\/pages\/184\/revisions\/1025"}],"wp:attachment":[{"href":"https:\/\/www.myfengshuihealing.com\/index.php\/wp-json\/wp\/v2\/media?parent=184"}],"curies":[{"name":"wp","href":"https:\/\/api.w.org\/{rel}","templated":true}]}}