{"id":176,"date":"2025-02-12T18:35:17","date_gmt":"2025-02-12T17:35:17","guid":{"rendered":"https:\/\/www.myfengshuihealing.com\/?page_id=176"},"modified":"2025-08-15T12:33:16","modified_gmt":"2025-08-15T10:33:16","slug":"soins-energetiques","status":"publish","type":"page","link":"https:\/\/www.myfengshuihealing.com\/index.php\/soins-energetiques\/","title":{"rendered":"SOINS ENERGETIQUES"},"content":{"rendered":"\t\t<div data-elementor-type=\"wp-page\" data-elementor-id=\"176\" class=\"elementor elementor-176\">\n\t\t\t\t<div class=\"elementor-element elementor-element-c884321 e-con-full e-flex e-con e-parent\" data-id=\"c884321\" data-element_type=\"container\" data-e-type=\"container\">\n\t\t\t\t<div class=\"elementor-element elementor-element-93e4d4a elementor-widget__width-initial elementor-widget elementor-widget-text-editor\" data-id=\"93e4d4a\" data-element_type=\"widget\" data-e-type=\"widget\" data-widget_type=\"text-editor.default\">\n\t\t\t\t<div class=\"elementor-widget-container\">\n\t\t\t\t\t\t\t\t\t<p><strong>LES SOINS ENERGETIQUES : UNE HARMONISATION \u00c2ME &#8211; CORPS &#8211; ESPRIT<\/strong><\/p><p>Les soins \u00e9nerg\u00e9tiques s&rsquo;appuient sur l&rsquo;id\u00e9e que le corps humain est travers\u00e9 par des champs d&rsquo;\u00e9nergie subtile. Ces pratiques, souvent ancr\u00e9es dans des traditions mill\u00e9naires comme la m\u00e9decine chinoise (Qi), le yoga (Prana) ou le Reiki, visent \u00e0 r\u00e9tablir l&rsquo;\u00e9quilibre de ces \u00e9nergies pour favoriser la sant\u00e9 globale.<\/p><p>Il existe plusieurs pratiques de soins, tels que le reiki, la m\u00e9ditation et la visualisation&#8230; Je me suis form\u00e9e au <strong>magn\u00e9tisme<\/strong>. Cette pratique consiste en l&rsquo;utilisation de mes mains pour soulager les tensions et relancer la circulation de l&rsquo;\u00e9nergie vitale \u00e0 travers les<strong> chakras et les m\u00e9ridiens.<\/strong><\/p><p><strong>Quels sont les bienfaits des soins \u00e9nerg\u00e9tiques ?<\/strong><\/p><p>Les personnes ayant recours \u00e0 ces m\u00e9thodes observent une multitude d&rsquo;<strong>effets positifs<\/strong>, tels que :<\/p><ol><li><strong>R\u00e9duction du stress<\/strong> : En apaisant le syst\u00e8me nerveux, ces pratiques favorisent un \u00e9tat de relaxation profonde (apaisement du syst\u00e8me nerveux, lib\u00e9ration des blocages \u00e9motionnels).<\/li><li><strong>Soulagement des douleurs<\/strong> : Certaines douleurs chroniques ou tensions musculaires peuvent \u00eatre att\u00e9nu\u00e9es.<\/li><li><strong>\u00c9quilibre \u00e9motionnel<\/strong> : Lib\u00e9rer les blocages \u00e9nerg\u00e9tiques aide \u00e0 g\u00e9rer des \u00e9motions enfouies.<\/li><li><strong>Renforcement du syst\u00e8me immunitaire<\/strong> : En r\u00e9tablissant une circulation \u00e9nerg\u00e9tique fluide, le corps retrouve sa capacit\u00e9 naturelle \u00e0 se d\u00e9fendre.<\/li><\/ol><p><span style=\"text-decoration: underline;\"><strong>TR\u00c8S IMPORTANT<\/strong><\/span><\/p><p>Le terme \u00ab\u00a0soin\u00a0\u00bb \u00e9nerg\u00e9tique n&rsquo;a aucun lien avec une quelconque gu\u00e9rison.<\/p><p><strong>J&rsquo;insiste sur le fait que les soins \u00e9nerg\u00e9tiques ne remplacent pas les traitements m\u00e9dicaux conventionnels. Ils s&rsquo;inscrivent comme un compl\u00e9ment, enrichissant une d\u00e9marche holistique de sant\u00e9.<\/strong><\/p><p><strong> Je pr\u00e9cise que je ne suis pas m\u00e9decin. Je ne fais pas de prescription et n&rsquo;\u00e9tablis pas de diagnostic.<\/strong><\/p><p><strong> Je n&rsquo;interviens pas non plus sur les personnes souffrant de probl\u00e8mes m\u00e9dicaux importants.<\/strong><\/p><p>Les soins \u00e9nerg\u00e9tiques offrent une approche unique pour reconnecter le corps et l&rsquo;esprit En ouvrant nos esprits \u00e0 ces pratiques, nous nous donnons une chance de retrouver un \u00e9quilibre et une s\u00e9r\u00e9nit\u00e9 int\u00e9rieure.<\/p><p><span style=\"text-decoration: underline;\"><strong>LES S\u00c9ANCES\u00a0 ENERGETIQUES QUE JE PRATIQUE :<\/strong><\/span><\/p><p><strong>LE SOIN TOURNANT<\/strong> : c&rsquo;est un soin puissant qui va travailler sur la totalit\u00e9 du corps en passant par les m\u00e9ridiens et les chakras du corps afin de proc\u00e9der \u00e0 un <strong>r\u00e9\u00e9quilibrage \u00e9nerg\u00e9tique<\/strong>. Il va s&rsquo;adresser principalement aux personnes souffrant de pathologies telles que :<\/p><ul><li>les maladies auto-immunes (maladie de Lyme, maladie de Crohn, spondylarthrite ankylosante&#8230;)<\/li><li>le burnout<\/li><li>les addictions<\/li><li>la Covid<\/li><li>la d\u00e9pression<\/li><li>Les maladies d\u00e9g\u00e9n\u00e9ratives&#8230;<\/li><\/ul><p><strong>SOINS DE LIB\u00c9RATION \u00c9MOTIONNELLE :<\/strong><\/p><p>Ces soins ont pour but de vous apporter un \u00e9quilibre \u00e9motionnel en lib\u00e9rant des blocages \u00e9nerg\u00e9tiques (\u00e9motions enfouies ou refoul\u00e9es). Les \u00e9v\u00e8nements, blessures et \u00e9motions v\u00e9cus laissent une empreinte dans notre corps, dans notre ADN et sont quelquefois \u00e0 l&rsquo;origine de nos maux physiques voire de nos maladies. Ce soin permet de les lib\u00e9rer pour laisser place \u00e0 la paix int\u00e9rieure et la &lsquo;gu\u00e9rison&rsquo; \u00e9motionnelle.<\/p><p>Ce type de soins est personnalis\u00e9 et unique pour la personne qui en b\u00e9n\u00e9ficie.<\/p><p>Suite \u00e0 la prise de RDV, un entretien t\u00e9l\u00e9phonique est r\u00e9alis\u00e9 \u00e0 l&rsquo;issue duquel je vous fournirai les informations importantes concernant la s\u00e9ance et les recommandations utiles \u00e0 respecter avant, pendant et \u00e0 la suite de celle-ci.<\/p><p><strong>LE MAGN\u00c9TISME CR\u00c2NIEN :\u00a0 <\/strong>C&rsquo;est un soin \u00e9nerg\u00e9tique qui s&rsquo;adresse aux pathologies en lien avec la t\u00eate, et plus particuli\u00e8rement avec le syst\u00e8me nerveux :<\/p><p>Il peut s&rsquo;agir de troubles li\u00e9s au stress et\/ou \u00e0 l&rsquo;anxi\u00e9t\u00e9, de probl\u00e8mes d&rsquo;acouph\u00e8nes, de troubles de l&rsquo;attention (TDAH) ou encore de c\u00e9phal\u00e9es et migraines&#8230;<\/p><p><strong><span style=\"text-decoration: underline;\">AUTRES SOINS<\/span> :<\/strong><\/p><p>Soins pour faciliter la cicatrisation, soulager les douleurs de base (courbatures, bleus, tendinites, arthrose&#8230;), les br\u00fblures et l&rsquo;ecz\u00e9ma.<\/p><p>************************************************************************************************<\/p><p>Je rappelle que les soins \u00e9nerg\u00e9tiques <strong>ne se substituent jamais \u00e0 des traitements m\u00e9dicamenteux<\/strong> mais viennent en compl\u00e9ment de ceux-ci.<\/p><p class=\"font_8 wixui-rich-text__text\"><span class=\"wixui-rich-text__text\">Il n&rsquo;y a pas d&rsquo;obligation de r\u00e9sultat, mais je m&rsquo;engage \u00e0 faire le maximum pour vous apporter mon aide.<\/span><\/p><p class=\"font_8 wixui-rich-text__text\"><span class=\"wixui-rich-text__text\">Le client est responsable de sa d\u00e9cision de me solliciter et accepte les mises en garde communiqu\u00e9es en amont de la s\u00e9ance. Ainsi, la s\u00e9ance n\u2019aura lieu que s&rsquo;il est en accord avec le principe des s\u00e9ances \u00e9nerg\u00e9tiques.<\/span><\/p><p>Je pratique les s\u00e9ances \u00e9nerg\u00e9tiques en toute neutralit\u00e9, sans interf\u00e9rer dans le libre arbitre du client, sans jugement de valeur, dans le respect le plus total de l&rsquo;int\u00e9grit\u00e9 et des croyances du client.<\/p>\t\t\t\t\t\t\t\t<\/div>\n\t\t\t\t<\/div>\n\t\t\t\t<div class=\"elementor-element elementor-element-af632a5 elementor-align-center elementor-widget elementor-widget-button\" data-id=\"af632a5\" data-element_type=\"widget\" data-e-type=\"widget\" data-widget_type=\"button.default\">\n\t\t\t\t<div class=\"elementor-widget-container\">\n\t\t\t\t\t\t\t\t\t<div class=\"elementor-button-wrapper\">\n\t\t\t\t\t<a class=\"elementor-button elementor-button-link elementor-size-sm\" href=\"https:\/\/www.myfengshuihealing.com\/index.php\/rdv-et-contact\/\">\n\t\t\t\t\t\t<span class=\"elementor-button-content-wrapper\">\n\t\t\t\t\t\t\t\t\t<span class=\"elementor-button-text\">JE PRENDS RDV<\/span>\n\t\t\t\t\t<\/span>\n\t\t\t\t\t<\/a>\n\t\t\t\t<\/div>\n\t\t\t\t\t\t\t\t<\/div>\n\t\t\t\t<\/div>\n\t\t\t\t<\/div>\n\t\t<div class=\"elementor-element elementor-element-bce7b89 e-con-full e-flex e-con e-parent\" data-id=\"bce7b89\" data-element_type=\"container\" data-e-type=\"container\">\n\t\t\t\t<div class=\"elementor-element elementor-element-f5e6675 elementor-widget elementor-widget-image\" data-id=\"f5e6675\" data-element_type=\"widget\" data-e-type=\"widget\" data-widget_type=\"image.default\">\n\t\t\t\t<div class=\"elementor-widget-container\">\n\t\t\t\t\t\t\t\t\t\t\t\t\t\t\t<img fetchpriority=\"high\" decoding=\"async\" width=\"650\" height=\"496\" src=\"https:\/\/www.myfengshuihealing.com\/wp-content\/uploads\/2025\/04\/mains-guerisseuses.jpg\" class=\"attachment-medium_large size-medium_large wp-image-611\" alt=\"\" srcset=\"https:\/\/www.myfengshuihealing.com\/wp-content\/uploads\/2025\/04\/mains-guerisseuses.jpg 650w, https:\/\/www.myfengshuihealing.com\/wp-content\/uploads\/2025\/04\/mains-guerisseuses-300x229.jpg 300w\" sizes=\"(max-width: 650px) 100vw, 650px\" \/>\t\t\t\t\t\t\t\t\t\t\t\t\t\t\t<\/div>\n\t\t\t\t<\/div>\n\t\t\t\t<\/div>\n\t\t<div class=\"elementor-element elementor-element-205bde9 e-flex e-con-boxed e-con e-parent\" data-id=\"205bde9\" data-element_type=\"container\" data-e-type=\"container\">\n\t\t\t\t\t<div class=\"e-con-inner\">\n\t\t\t\t<div class=\"elementor-element elementor-element-55fe27e elementor-widget elementor-widget-heading\" data-id=\"55fe27e\" data-element_type=\"widget\" data-e-type=\"widget\" data-widget_type=\"heading.default\">\n\t\t\t\t<div class=\"elementor-widget-container\">\n\t\t\t\t\t<h2 class=\"elementor-heading-title elementor-size-default\">\"Les maux du corps sont les mots de l'\u00e2me, ainsi on ne doit pas chercher \u00e0 gu\u00e9rir le corps sans chercher \u00e0 gu\u00e9rir l'\u00e2me.\"<\/h2>\t\t\t\t<\/div>\n\t\t\t\t<\/div>\n\t\t\t\t\t<\/div>\n\t\t\t\t<\/div>\n\t\t\t\t<\/div>\n\t\t","protected":false},"excerpt":{"rendered":"<p>LES SOINS ENERGETIQUES : UNE HARMONISATION \u00c2ME &#8211; CORPS &#8211; ESPRIT Les soins \u00e9nerg\u00e9tiques s&rsquo;appuient sur l&rsquo;id\u00e9e que le corps humain est travers\u00e9 par des champs d&rsquo;\u00e9nergie subtile. Ces pratiques, souvent ancr\u00e9es dans des traditions mill\u00e9naires comme la m\u00e9decine chinoise (Qi), le yoga (Prana) ou le Reiki, visent \u00e0 r\u00e9tablir l&rsquo;\u00e9quilibre de ces \u00e9nergies pour [&hellip;]<\/p>\n","protected":false},"author":1,"featured_media":0,"parent":0,"menu_order":0,"comment_status":"closed","ping_status":"closed","template":"","meta":{"_seopress_robots_primary_cat":"","_seopress_titles_title":"","_seopress_titles_desc":"","_seopress_robots_index":"","footnotes":""},"class_list":["post-176","page","type-page","status-publish","hentry"],"_links":{"self":[{"href":"https:\/\/www.myfengshuihealing.com\/index.php\/wp-json\/wp\/v2\/pages\/176","targetHints":{"allow":["GET"]}}],"collection":[{"href":"https:\/\/www.myfengshuihealing.com\/index.php\/wp-json\/wp\/v2\/pages"}],"about":[{"href":"https:\/\/www.myfengshuihealing.com\/index.php\/wp-json\/wp\/v2\/types\/page"}],"author":[{"embeddable":true,"href":"https:\/\/www.myfengshuihealing.com\/index.php\/wp-json\/wp\/v2\/users\/1"}],"replies":[{"embeddable":true,"href":"https:\/\/www.myfengshuihealing.com\/index.php\/wp-json\/wp\/v2\/comments?post=176"}],"version-history":[{"count":62,"href":"https:\/\/www.myfengshuihealing.com\/index.php\/wp-json\/wp\/v2\/pages\/176\/revisions"}],"predecessor-version":[{"id":1173,"href":"https:\/\/www.myfengshuihealing.com\/index.php\/wp-json\/wp\/v2\/pages\/176\/revisions\/1173"}],"wp:attachment":[{"href":"https:\/\/www.myfengshuihealing.com\/index.php\/wp-json\/wp\/v2\/media?parent=176"}],"curies":[{"name":"wp","href":"https:\/\/api.w.org\/{rel}","templated":true}]}}