{"id":1123,"date":"2025-08-06T17:49:53","date_gmt":"2025-08-06T15:49:53","guid":{"rendered":"https:\/\/www.myfengshuihealing.com\/?page_id=1123"},"modified":"2025-08-06T17:57:43","modified_gmt":"2025-08-06T15:57:43","slug":"conditions-generales-dutilisation","status":"publish","type":"page","link":"https:\/\/www.myfengshuihealing.com\/index.php\/conditions-generales-dutilisation\/","title":{"rendered":"CONDITIONS GENERALES D&rsquo;UTILISATION"},"content":{"rendered":"\t\t<div data-elementor-type=\"wp-page\" data-elementor-id=\"1123\" class=\"elementor elementor-1123\">\n\t\t\t\t<div class=\"elementor-element elementor-element-e82b82c e-flex e-con-boxed e-con e-parent\" data-id=\"e82b82c\" data-element_type=\"container\" data-e-type=\"container\">\n\t\t\t\t\t<div class=\"e-con-inner\">\n\t\t\t\t<div class=\"elementor-element elementor-element-867ed37 elementor-widget elementor-widget-text-editor\" data-id=\"867ed37\" data-element_type=\"widget\" data-e-type=\"widget\" data-widget_type=\"text-editor.default\">\n\t\t\t\t<div class=\"elementor-widget-container\">\n\t\t\t\t\t\t\t\t\t<div><p><b>Conditions g\u00e9n\u00e9rales d\u2019utilisation du site<\/b><em> Myfengshuihealing.com<\/em><\/p><blockquote><p><b>Article 1<\/b>\u00a0: Objet<\/p><p>Les pr\u00e9sentes CGU ou Conditions G\u00e9n\u00e9rales d\u2019Utilisation encadrent juridiquement l\u2019utilisation des services du site My Feng Shui .com (ci-apr\u00e8s d\u00e9nomm\u00e9 \u00ab le site \u00bb).<\/p><p>Constituant le contrat entre la soci\u00e9t\u00e9 Myl\u00e8ne CAYOL-CYTHERE, l\u2019Utilisateur, l\u2019acc\u00e8s au site doit \u00eatre pr\u00e9c\u00e9d\u00e9 de l\u2019acceptation de ces CGU. L\u2019acc\u00e8s \u00e0 cette plateforme signifie l\u2019acceptation des pr\u00e9sentes CGU.<\/p><p><b>Article 2<\/b> : Mentions l\u00e9gales<\/p><p>L\u2019\u00e9dition du site <strong><em>My Feng Shui Healing<\/em> <\/strong>est assur\u00e9e par Mme CAYOL-CYTHERE\u00a0 Siret num\u00e9ro 451 432 228, dont le si\u00e8ge social est localis\u00e9 au 2, all\u00e9e des buissons &#8211; 28130 Hanches &#8211; France<\/p><p>L\u2019h\u00e9bergeur du site Myfengshuihealing.com est la soci\u00e9t\u00e9 OVHCloud,\u00a0 sise au 2 rue Kellermann \u2013 59100 Roubaix \u2013 France<\/p><p data-start=\"2867\" data-end=\"3019\"><strong>T\u00e9l\u00e9phone<\/strong> : +33 9 72 10 10 07<\/p><p data-start=\"2867\" data-end=\"3019\"><strong>Site web <\/strong>:www.ovhcloud.com<\/p><p><b>Article 3<\/b> : Services propos\u00e9s<\/p><p>Le site Myfengshuihealing.com permet d\u2019acc\u00e9der gratuitement aux services suivants :<\/p><div>Le site pr\u00e9sente des services d\u2019accompagnement individuels, incluant :<\/div><div>&#8211; Analyse et harmonisation \u00e9nerg\u00e9tique des lieux (g\u00e9obiologie)<\/div><div>&#8211; Conseil en Feng Shui tib\u00e9tain<\/div><div>&#8211; S\u00e9ances d&rsquo;accompagnement en lib\u00e9ration \u00e9motionnelle<\/div><div>&#8211; Soins \u00e9nerg\u00e9tiques personnalis\u00e9s<\/div><div><p>Ces prestations sont propos\u00e9es \u00e0 distance selon les besoins du client.<\/p><p><strong>Article 4<\/strong> : Responsabilit\u00e9<\/p><p>Les prestations propos\u00e9es visent le bien-\u00eatre et l\u2019harmonisation \u00e9nerg\u00e9tique et sont compl\u00e9mentaires aux soins conventionnels. Elles ne peuvent en aucun cas se substituer \u00e0 un diagnostic, un traitement ou un suivi m\u00e9dical prescrit par un professionnel de la sant\u00e9.<\/p><p>Elles ne remplacent en aucun cas un avis m\u00e9dical ou th\u00e9rapeutique. L\u2019utilisateur reconna\u00eet que les r\u00e9sultats peuvent varier selon les personnes et les contextes.<\/p><p><strong>Article 5<\/strong> : Propri\u00e9t\u00e9 intellectuelle<\/p><p>Tous les contenus du site (textes, images, logos, vid\u00e9os, sch\u00e9mas) sont prot\u00e9g\u00e9s par le droit d\u2019auteur. Toute reproduction ou utilisation non autoris\u00e9e est interdite sans accord pr\u00e9alable.<\/p><\/div><p>Le site est accessible gratuitement depuis n\u2019importe o\u00f9 par tout utilisateur disposant d\u2019un acc\u00e8s \u00e0 Internet. Tous les frais n\u00e9cessaires pour l\u2019acc\u00e8s aux services (mat\u00e9riel informatique, connexion Internet\u2026) sont \u00e0 la charge de l\u2019utilisateur.<\/p><p>Pour des raisons de maintenance ou autres, l\u2019acc\u00e8s au site peut \u00eatre interrompu ou suspendu par l\u2019\u00e9diteur sans pr\u00e9avis ni justification.<\/p><p><b>Article 6<\/b>\u00a0: Collecte des donn\u00e9es personnelles<\/p><p>Pour la cr\u00e9ation du compte de l\u2019Utilisateur, la collecte des informations au moment de l\u2019inscription sur le site est n\u00e9cessaire et obligatoire. Conform\u00e9ment \u00e0 la loi n\u00b078-17 du 6 janvier relative \u00e0 l\u2019informatique, aux fichiers et aux libert\u00e9s, la collecte et le traitement d\u2019informations personnelles s\u2019effectuent dans le respect de la vie priv\u00e9e.<\/p><p>Suivant la loi Informatique et Libert\u00e9s en date du 6 janvier 1978, articles 39 et 40, l\u2019Utilisateur dispose du droit d\u2019acc\u00e9der, de rectifier, de supprimer et d\u2019opposer ses donn\u00e9es personnelles. L\u2019exercice de ce droit s\u2019effectue par\u00a0:<\/p><ul><li>Le formulaire de contact\u00a0<\/li><\/ul><p><b>Article 7<\/b>\u00a0: Propri\u00e9t\u00e9 intellectuelle<\/p><p>Les marques, logos ainsi que les contenus du site Myfengshuihealing.com (textes, illustrations, photos ) sont prot\u00e9g\u00e9s par le Code de la propri\u00e9t\u00e9 intellectuelle et par le droit d\u2019auteur.<\/p><p>La reproduction et la copie des contenus par l\u2019Utilisateur requi\u00e8rent une autorisation pr\u00e9alable du site. Dans ce cas, toute utilisation \u00e0 des usages commerciaux ou \u00e0 des fins publicitaires est formellement proscrite.<\/p><p><b>Article 8<\/b>\u00a0: Responsabilit\u00e9<\/p><p>Bien que les informations publi\u00e9es sur le site soient r\u00e9put\u00e9es fiables, le site se r\u00e9serve la facult\u00e9 d\u2019une non-garantie de la fiabilit\u00e9 des sources.<\/p><p>Les informations diffus\u00e9es sur le site Myfengshuihealing.com sont pr\u00e9sent\u00e9es \u00e0 titre purement informatif et sont sans valeur contractuelle. En d\u00e9pit des mises \u00e0 jour r\u00e9guli\u00e8res, la responsabilit\u00e9 du site ne peut \u00eatre engag\u00e9e en cas de modification des dispositions administratives et juridiques apparaissant apr\u00e8s la publication. Il en est de m\u00eame pour l\u2019utilisation et l\u2019interpr\u00e9tation des informations communiqu\u00e9es sur la plateforme.<\/p><p>Le site d\u00e9cline toute responsabilit\u00e9 concernant les \u00e9ventuels virus pouvant infecter le mat\u00e9riel informatique de l\u2019Utilisateur apr\u00e8s l\u2019utilisation ou l\u2019acc\u00e8s \u00e0 ce site.<\/p><p>Le site ne peut \u00eatre tenu pour responsable en cas de force majeure ou du fait impr\u00e9visible et insurmontable d\u2019un tiers.<\/p><p>La garantie totale de la s\u00e9curit\u00e9 et la confidentialit\u00e9 des donn\u00e9es n\u2019est pas assur\u00e9e par le site. Cependant, le site s\u2019engage \u00e0 mettre en \u0153uvre toutes les m\u00e9thodes requises pour le faire au mieux.<\/p><p><b>Article 9<\/b>\u00a0: Liens hypertextes<\/p><p>Le site peut \u00eatre constitu\u00e9 de liens hypertextes. En cliquant sur ces derniers, l\u2019Utilisateur sortira de la plateforme. Cette derni\u00e8re n\u2019a pas de contr\u00f4le et ne peut pas \u00eatre tenue responsable du contenu des pages web relatives \u00e0 ces liens.<\/p><p><b>Article 10<\/b>\u00a0: Cookies<\/p><p>Lors des visites sur le site, l\u2019installation automatique d\u2019un cookie sur le logiciel de navigation de l\u2019Utilisateur peut survenir.<\/p><p>Les cookies correspondent \u00e0 de petits fichiers d\u00e9pos\u00e9s temporairement sur le disque dur de l\u2019ordinateur de l\u2019Utilisateur. Ces cookies sont n\u00e9cessaires pour assurer l\u2019accessibilit\u00e9 et la navigation sur le site. Ces fichiers ne comportent pas d\u2019informations personnelles et ne peuvent pas \u00eatre utilis\u00e9s pour l\u2019identification d\u2019une personne.<\/p><p>L\u2019information pr\u00e9sente dans les cookies est utilis\u00e9e pour am\u00e9liorer les performances de navigation sur le site Myfenshuihealing.com<\/p><p>En naviguant sur le site, l\u2019Utilisateur accepte les cookies. Leur d\u00e9sactivation peut s\u2019effectuer via les param\u00e8tres du logiciel de navigation.<\/p><p><b>Article 11<\/b>: Publication par l\u2019Utilisateur<\/p><p>Le site Myfenshuihealing.com ne permet pas aux membres de publier des commentaires pour le moment.Toutefois, s&rsquo;il en \u00e9tait le cas les r\u00e8gles suivantes s&rsquo;appliqueraient.<\/p><p>Dans ses publications, le membre est tenu de respecter les r\u00e8gles de la Netiquette ainsi que les r\u00e8gles de droit en vigueur.<\/p><p>Le site dispose du droit d\u2019exercer une mod\u00e9ration \u00e0 priori sur les publications et peut refuser leur mise en ligne sans avoir \u00e0 fournir de justification.<\/p><p>Le membre garde l\u2019int\u00e9gralit\u00e9 de ses droits de propri\u00e9t\u00e9 intellectuelle. Toutefois, toute publication sur le site implique la d\u00e9l\u00e9gation du droit non exclusif et gratuit \u00e0 la soci\u00e9t\u00e9 \u00e9ditrice de repr\u00e9senter, reproduire, modifier, adapter, distribuer et diffuser la publication n\u2019importe o\u00f9 et sur n\u2019importe quel support pour la dur\u00e9e de la propri\u00e9t\u00e9 intellectuelle. Cela peut se faire directement ou par l\u2019interm\u00e9diaire d\u2019un tiers autoris\u00e9. Cela concerne notamment le droit d\u2019utilisation de la publication sur le web et sur les r\u00e9seaux de t\u00e9l\u00e9phonie mobile.<\/p><p>\u00c0 chaque utilisation, l\u2019\u00e9diteur s\u2019engage \u00e0 mentionner le nom du membre \u00e0 proximit\u00e9 de la publication.<\/p><p>L\u2019Utilisateur est tenu responsable de tout contenu qu\u2019il met en ligne. L\u2019Utilisateur s\u2019engage \u00e0 ne pas publier de contenus susceptibles de porter atteinte aux int\u00e9r\u00eats de tierces personnes. Toutes proc\u00e9dures engag\u00e9es en justice par un tiers l\u00e9s\u00e9 \u00e0 l\u2019encontre du site devront \u00eatre prises en charge par l\u2019Utilisateur.<\/p><p>La suppression ou la modification par le site du contenu de l\u2019Utilisateur peut s\u2019effectuer \u00e0 tout moment, pour n\u2019importe quelle raison et sans pr\u00e9avis.<\/p><p><b>Article 12<\/b>\u00a0: Dur\u00e9e du contrat<\/p><p>Le pr\u00e9sent contrat est valable pour une dur\u00e9e ind\u00e9termin\u00e9e. Le d\u00e9but de l\u2019utilisation des services du site marque l\u2019application du contrat \u00e0 l\u2019\u00e9gard de l\u2019Utilisateur.<\/p><p><b>Article 13<\/b>\u00a0: Droit applicable et juridiction comp\u00e9tente<\/p><p>Le pr\u00e9sent contrat est soumis \u00e0 la l\u00e9gislation fran\u00e7aise. L\u2019absence de r\u00e9solution \u00e0 l\u2019amiable des cas de litige entre les parties implique le recours aux tribunaux fran\u00e7ais comp\u00e9tents pour r\u00e9gler le contentieux.<\/p><\/blockquote><\/div>\t\t\t\t\t\t\t\t<\/div>\n\t\t\t\t<\/div>\n\t\t\t\t\t<\/div>\n\t\t\t\t<\/div>\n\t\t\t\t<\/div>\n\t\t","protected":false},"excerpt":{"rendered":"<p>Conditions g\u00e9n\u00e9rales d\u2019utilisation du site Myfengshuihealing.com Article 1\u00a0: Objet Les pr\u00e9sentes CGU ou Conditions G\u00e9n\u00e9rales d\u2019Utilisation encadrent juridiquement l\u2019utilisation des services du site My Feng Shui .com (ci-apr\u00e8s d\u00e9nomm\u00e9 \u00ab le site \u00bb). Constituant le contrat entre la soci\u00e9t\u00e9 Myl\u00e8ne CAYOL-CYTHERE, l\u2019Utilisateur, l\u2019acc\u00e8s au site doit \u00eatre pr\u00e9c\u00e9d\u00e9 de l\u2019acceptation de ces CGU. L\u2019acc\u00e8s \u00e0 [&hellip;]<\/p>\n","protected":false},"author":1,"featured_media":0,"parent":0,"menu_order":0,"comment_status":"closed","ping_status":"closed","template":"","meta":{"_seopress_robots_primary_cat":"","_seopress_titles_title":"","_seopress_titles_desc":"","_seopress_robots_index":"","footnotes":""},"class_list":["post-1123","page","type-page","status-publish","hentry"],"_links":{"self":[{"href":"https:\/\/www.myfengshuihealing.com\/index.php\/wp-json\/wp\/v2\/pages\/1123","targetHints":{"allow":["GET"]}}],"collection":[{"href":"https:\/\/www.myfengshuihealing.com\/index.php\/wp-json\/wp\/v2\/pages"}],"about":[{"href":"https:\/\/www.myfengshuihealing.com\/index.php\/wp-json\/wp\/v2\/types\/page"}],"author":[{"embeddable":true,"href":"https:\/\/www.myfengshuihealing.com\/index.php\/wp-json\/wp\/v2\/users\/1"}],"replies":[{"embeddable":true,"href":"https:\/\/www.myfengshuihealing.com\/index.php\/wp-json\/wp\/v2\/comments?post=1123"}],"version-history":[{"count":6,"href":"https:\/\/www.myfengshuihealing.com\/index.php\/wp-json\/wp\/v2\/pages\/1123\/revisions"}],"predecessor-version":[{"id":1131,"href":"https:\/\/www.myfengshuihealing.com\/index.php\/wp-json\/wp\/v2\/pages\/1123\/revisions\/1131"}],"wp:attachment":[{"href":"https:\/\/www.myfengshuihealing.com\/index.php\/wp-json\/wp\/v2\/media?parent=1123"}],"curies":[{"name":"wp","href":"https:\/\/api.w.org\/{rel}","templated":true}]}}