{"id":1111,"date":"2025-08-06T15:52:58","date_gmt":"2025-08-06T13:52:58","guid":{"rendered":"https:\/\/www.myfengshuihealing.com\/?page_id=1111"},"modified":"2025-10-22T15:22:13","modified_gmt":"2025-10-22T13:22:13","slug":"mentions-legales","status":"publish","type":"page","link":"https:\/\/www.myfengshuihealing.com\/index.php\/mentions-legales\/","title":{"rendered":"MENTIONS LEGALES"},"content":{"rendered":"\t\t<div data-elementor-type=\"wp-page\" data-elementor-id=\"1111\" class=\"elementor elementor-1111\">\n\t\t\t\t<div class=\"elementor-element elementor-element-fb33404 e-con-full e-flex e-con e-parent\" data-id=\"fb33404\" data-element_type=\"container\" data-e-type=\"container\">\n\t\t\t\t<div class=\"elementor-element elementor-element-07b7eab elementor-widget elementor-widget-text-editor\" data-id=\"07b7eab\" data-element_type=\"widget\" data-e-type=\"widget\" data-widget_type=\"text-editor.default\">\n\t\t\t\t<div class=\"elementor-widget-container\">\n\t\t\t\t\t\t\t\t\t<div class=\"flex max-w-full flex-col grow\"><div class=\"min-h-8 text-message relative flex w-full flex-col items-end gap-2 text-start break-words whitespace-normal [.text-message+&amp;]:mt-5\" dir=\"auto\" data-message-author-role=\"assistant\" data-message-id=\"d156ae70-3b8f-4d09-a989-5de37a3c4775\" data-message-model-slug=\"gpt-4o\"><div class=\"flex w-full flex-col gap-1 empty:hidden first:pt-[3px]\"><div class=\"markdown prose dark:prose-invert w-full break-words light markdown-new-styling\"><p data-start=\"2522\" data-end=\"2542\"><strong data-start=\"2522\" data-end=\"2542\">MENTIONS LEGALES<\/strong><\/p><p data-start=\"2544\" data-end=\"2775\"><strong data-start=\"2544\" data-end=\"2563\">\u00c9diteur du site<\/strong><br data-start=\"2563\" data-end=\"2566\" \/>Le site My Feng Shui Healing est \u00e9dit\u00e9 par :<br data-start=\"2603\" data-end=\"2606\" \/>Myl\u00e8ne CAYOL-CYTHERE<br data-start=\"2645\" data-end=\"2648\" \/>Adresse : 2, all\u00e9e des buissons &#8211; 28130 Hanches<br data-start=\"2676\" data-end=\"2679\" \/>Num\u00e9ro de t\u00e9l\u00e9phone : 07 67 11 47 05<br data-start=\"2709\" data-end=\"2712\" \/>Email : contact@myfengshuihealing.com<br data-start=\"2727\" data-end=\"2730\" \/>Num\u00e9ro SIRET : 79188857100027<\/p><p data-start=\"2777\" data-end=\"2865\"><strong data-start=\"2777\" data-end=\"2808\">Directeur de la publication<\/strong><br data-start=\"2808\" data-end=\"2811\" \/>La directrice de la publication est Mme CAYOL-CYTHERE.<\/p><p data-start=\"2867\" data-end=\"3019\"><strong data-start=\"2867\" data-end=\"2880\">H\u00e9bergeur<\/strong><br data-start=\"2880\" data-end=\"2883\" \/>Le site est h\u00e9berg\u00e9 par :<br data-start=\"2908\" data-end=\"2911\" \/>OVH CLOUD<br data-start=\"2931\" data-end=\"2934\" \/>Adresse : 2 rue Kellermann \u2013 59100 Roubaix \u2013 France<\/p><p data-start=\"2867\" data-end=\"3019\"><strong>T\u00e9l\u00e9phone<\/strong> : +33 9 72 10 10 07<\/p><p data-start=\"2867\" data-end=\"3019\"><strong>Site web <\/strong>:www.ovhcloud.com<\/p><p data-start=\"3021\" data-end=\"3293\"><strong data-start=\"3021\" data-end=\"3049\">Propri\u00e9t\u00e9 intellectuelle<\/strong><br data-start=\"3049\" data-end=\"3052\" \/>Tous les contenus pr\u00e9sents sur ce site, y compris les textes, images, logos, et graphismes sont la propri\u00e9t\u00e9 exclusive de My Feng Shui Healing ou sont utilis\u00e9s sous licence. Toute reproduction m\u00eame partielle ou utilisation sans autorisation est interdite.<\/p><p data-start=\"3295\" data-end=\"3628\"><strong data-start=\"3295\" data-end=\"3334\">Protection des donn\u00e9es personnelles<\/strong><br data-start=\"3334\" data-end=\"3337\" \/>My Feng Shui Healing respecte la vie priv\u00e9e des utilisateurs. Nous nous engageons \u00e0 ne pas collecter de donn\u00e9es personnelles sans votre consentement pr\u00e9alable. Pour plus d\u2019informations sur la mani\u00e8re dont nous traitons vos donn\u00e9es personnelles, consultez notre politique de confidentialit\u00e9.<\/p><p data-start=\"3630\" data-end=\"3777\"><strong data-start=\"3630\" data-end=\"3641\">Cookies<\/strong><br data-start=\"3641\" data-end=\"3644\" \/>Ce site utilise des cookies pour am\u00e9liorer votre exp\u00e9rience. En poursuivant votre navigation, vous acceptez l&rsquo;utilisation de cookies.<\/p><hr data-start=\"3779\" data-end=\"3782\" \/><\/div><\/div><\/div><\/div>\t\t\t\t\t\t\t\t<\/div>\n\t\t\t\t<\/div>\n\t\t\t\t<\/div>\n\t\t\t\t<\/div>\n\t\t","protected":false},"excerpt":{"rendered":"<p>MENTIONS LEGALES \u00c9diteur du siteLe site My Feng Shui Healing est \u00e9dit\u00e9 par :Myl\u00e8ne CAYOL-CYTHEREAdresse : 2, all\u00e9e des buissons &#8211; 28130 HanchesNum\u00e9ro de t\u00e9l\u00e9phone : 07 67 11 47 05Email : contact@myfengshuihealing.comNum\u00e9ro SIRET : 79188857100027 Directeur de la publicationLa directrice de la publication est Mme CAYOL-CYTHERE. H\u00e9bergeurLe site est h\u00e9berg\u00e9 par :OVH CLOUDAdresse : [&hellip;]<\/p>\n","protected":false},"author":1,"featured_media":0,"parent":0,"menu_order":0,"comment_status":"closed","ping_status":"closed","template":"","meta":{"_seopress_robots_primary_cat":"","_seopress_titles_title":"","_seopress_titles_desc":"","_seopress_robots_index":"","footnotes":""},"class_list":["post-1111","page","type-page","status-publish","hentry"],"_links":{"self":[{"href":"https:\/\/www.myfengshuihealing.com\/index.php\/wp-json\/wp\/v2\/pages\/1111","targetHints":{"allow":["GET"]}}],"collection":[{"href":"https:\/\/www.myfengshuihealing.com\/index.php\/wp-json\/wp\/v2\/pages"}],"about":[{"href":"https:\/\/www.myfengshuihealing.com\/index.php\/wp-json\/wp\/v2\/types\/page"}],"author":[{"embeddable":true,"href":"https:\/\/www.myfengshuihealing.com\/index.php\/wp-json\/wp\/v2\/users\/1"}],"replies":[{"embeddable":true,"href":"https:\/\/www.myfengshuihealing.com\/index.php\/wp-json\/wp\/v2\/comments?post=1111"}],"version-history":[{"count":9,"href":"https:\/\/www.myfengshuihealing.com\/index.php\/wp-json\/wp\/v2\/pages\/1111\/revisions"}],"predecessor-version":[{"id":1210,"href":"https:\/\/www.myfengshuihealing.com\/index.php\/wp-json\/wp\/v2\/pages\/1111\/revisions\/1210"}],"wp:attachment":[{"href":"https:\/\/www.myfengshuihealing.com\/index.php\/wp-json\/wp\/v2\/media?parent=1111"}],"curies":[{"name":"wp","href":"https:\/\/api.w.org\/{rel}","templated":true}]}}